{"id":1436,"date":"2015-07-22T16:57:47","date_gmt":"2015-07-22T16:57:47","guid":{"rendered":"http:\/\/www.antegma.de\/?page_id=1436"},"modified":"2021-05-04T18:04:54","modified_gmt":"2021-05-04T16:04:54","slug":"digital-media","status":"publish","type":"page","link":"https:\/\/www.antegma.com\/de\/services\/digital-media\/","title":{"rendered":"Digital Media"},"content":{"rendered":"\t\t<div data-elementor-type=\"wp-page\" data-elementor-id=\"1436\" class=\"elementor elementor-1436\" data-elementor-post-type=\"page\">\n\t\t\t\t\t\t<section class=\"elementor-section elementor-top-section elementor-element elementor-element-27d165e elementor-section-boxed elementor-section-height-default elementor-section-height-default\" data-id=\"27d165e\" data-element_type=\"section\" data-e-type=\"section\">\n\t\t\t\t\t\t<div class=\"elementor-container elementor-column-gap-default\">\n\t\t\t\t\t<div class=\"elementor-column elementor-col-100 elementor-top-column elementor-element elementor-element-e882d7f\" data-id=\"e882d7f\" data-element_type=\"column\" data-e-type=\"column\">\n\t\t\t<div class=\"elementor-widget-wrap elementor-element-populated\">\n\t\t\t\t\t\t<div class=\"elementor-element elementor-element-a40358d elementor-widget elementor-widget-heading\" data-id=\"a40358d\" data-element_type=\"widget\" data-e-type=\"widget\" data-widget_type=\"heading.default\">\n\t\t\t\t\t<h2 class=\"elementor-heading-title elementor-size-default\">Video L\u00f6sungen<\/h2>\t\t\t\t<\/div>\n\t\t\t\t<div class=\"elementor-element elementor-element-f8f7916 elementor-widget elementor-widget-text-editor\" data-id=\"f8f7916\" data-element_type=\"widget\" data-e-type=\"widget\" data-widget_type=\"text-editor.default\">\n\t\t\t\t\t\t\t\t\t<p>Ob im Marketing oder in der Unternehmenskommunikation, Videos lassen sich nicht mehr weg denken. Mit ihnen lassen sich emotionale Botschaften verbreiten, Menschen unterhalten oder komplexe Sachverhalte erkl\u00e4ren.<\/p><p>Treffen die Kunden und Mitarbeiter von Unternehmen auf die bereitgestellten Videoinhalte, erwarten Sie dass die Videos mittels\u00a0allen Ihnen zur Verf\u00fcgungen stehenden Endger\u00e4ten konsumierbar sind.<\/p><p>Technologisch ist die Bereitstellung von Videoinhalten hingegen f\u00fcr die Unternehmen eine gro\u00dfe Herausforderungen, da\u00a0es bei den Endger\u00e4ten eine erhebliche Fragmentierung hinsichtlich nutzbarer Video-Codecs und -\u00dcbertragungsverfahren, Wiedergabe und Displaygr\u00f6\u00dfe gibt.<\/p><p>Nutzen Sie unsere L\u00f6sungen und Erfahrung um diese technologische Herausforderung erfolgreich zu bew\u00e4ltigen.<\/p>\t\t\t\t\t\t\t\t<\/div>\n\t\t\t\t\t<\/div>\n\t\t<\/div>\n\t\t\t\t\t<\/div>\n\t\t<\/section>\n\t\t\t\t<section class=\"elementor-section elementor-top-section elementor-element elementor-element-1cd677b elementor-section-boxed elementor-section-height-default elementor-section-height-default\" data-id=\"1cd677b\" data-element_type=\"section\" data-e-type=\"section\" data-settings=\"{&quot;background_background&quot;:&quot;classic&quot;}\">\n\t\t\t\t\t\t<div class=\"elementor-container elementor-column-gap-default\">\n\t\t\t\t\t<div class=\"elementor-column elementor-col-100 elementor-top-column elementor-element elementor-element-3de4ab1\" data-id=\"3de4ab1\" data-element_type=\"column\" data-e-type=\"column\">\n\t\t\t<div class=\"elementor-widget-wrap elementor-element-populated\">\n\t\t\t\t\t\t<div class=\"elementor-element elementor-element-4b655e2 elementor-widget elementor-widget-heading\" data-id=\"4b655e2\" data-element_type=\"widget\" data-e-type=\"widget\" data-widget_type=\"heading.default\">\n\t\t\t\t\t<h3 class=\"elementor-heading-title elementor-size-default\">Video Management Solution von antegma<\/h3>\t\t\t\t<\/div>\n\t\t\t\t<div class=\"elementor-element elementor-element-6dc69bb elementor-widget elementor-widget-text-editor\" data-id=\"6dc69bb\" data-element_type=\"widget\" data-e-type=\"widget\" data-widget_type=\"text-editor.default\">\n\t\t\t\t\t\t\t\t\t<p>Mit der\u00a0Video Management Solution (VMS) bietet antegma eine umfassende L\u00f6sung zur Bereitstellung von Videoinhalten.<\/p><p>VMS\u00a0bildet den gesamten Bereitstellungs- und Wiedergabeprozesse f\u00fcr Videos ab:<br \/>Verwalten, Transcodieren, Sch\u00fctzen, Monetizieren, Analysieren, Ausliefern und Wiedergabe.<\/p>\t\t\t\t\t\t\t\t<\/div>\n\t\t\t\t<div class=\"elementor-element elementor-element-a93f471 elementor-widget elementor-widget-button\" data-id=\"a93f471\" data-element_type=\"widget\" data-e-type=\"widget\" data-widget_type=\"button.default\">\n\t\t\t\t\t\t\t\t\t\t<a class=\"elementor-button elementor-button-link elementor-size-sm\" href=\"https:\/\/www.antegma.com\/de\/products\/video-management-solution\/\">\n\t\t\t\t\t\t<span class=\"elementor-button-content-wrapper\">\n\t\t\t\t\t\t<span class=\"elementor-button-icon\">\n\t\t\t\t<svg aria-hidden=\"true\" class=\"e-font-icon-svg e-fas-arrow-right\" viewBox=\"0 0 448 512\" xmlns=\"http:\/\/www.w3.org\/2000\/svg\"><path d=\"M190.5 66.9l22.2-22.2c9.4-9.4 24.6-9.4 33.9 0L441 239c9.4 9.4 9.4 24.6 0 33.9L246.6 467.3c-9.4 9.4-24.6 9.4-33.9 0l-22.2-22.2c-9.5-9.5-9.3-25 .4-34.3L311.4 296H24c-13.3 0-24-10.7-24-24v-32c0-13.3 10.7-24 24-24h287.4L190.9 101.2c-9.8-9.3-10-24.8-.4-34.3z\"><\/path><\/svg>\t\t\t<\/span>\n\t\t\t\t\t\t\t\t\t<span class=\"elementor-button-text\">mehr \u00fcber die Video Management Solution<\/span>\n\t\t\t\t\t<\/span>\n\t\t\t\t\t<\/a>\n\t\t\t\t\t\t\t\t<\/div>\n\t\t\t\t\t<\/div>\n\t\t<\/div>\n\t\t\t\t\t<\/div>\n\t\t<\/section>\n\t\t\t\t<section class=\"elementor-section elementor-top-section elementor-element elementor-element-42a1068c elementor-section-height-min-height elementor-section-boxed elementor-section-height-default elementor-section-items-middle\" data-id=\"42a1068c\" data-element_type=\"section\" data-e-type=\"section\" data-settings=\"{&quot;background_background&quot;:&quot;classic&quot;}\">\n\t\t\t\t\t\t<div class=\"elementor-container elementor-column-gap-default\">\n\t\t\t\t\t<div class=\"elementor-column elementor-col-50 elementor-top-column elementor-element elementor-element-72c430dc\" data-id=\"72c430dc\" data-element_type=\"column\" data-e-type=\"column\">\n\t\t\t<div class=\"elementor-widget-wrap elementor-element-populated\">\n\t\t\t\t\t\t<div class=\"elementor-element elementor-element-59b82c99 elementor-widget elementor-widget-text-editor\" data-id=\"59b82c99\" data-element_type=\"widget\" data-e-type=\"widget\" data-widget_type=\"text-editor.default\">\n\t\t\t\t\t\t\t\t\t<h2>Haben wir Ihr\u00a0<strong>Interesse<\/strong> geweckt?<\/h2>\t\t\t\t\t\t\t\t<\/div>\n\t\t\t\t<div class=\"elementor-element elementor-element-56d7a5c9 elementor-align-left elementor-widget elementor-widget-button\" data-id=\"56d7a5c9\" data-element_type=\"widget\" data-e-type=\"widget\" data-widget_type=\"button.default\">\n\t\t\t\t\t\t\t\t\t\t<a class=\"elementor-button elementor-button-link elementor-size-sm\" href=\"https:\/\/www.antegma.com\/en\/contact\/\">\n\t\t\t\t\t\t<span class=\"elementor-button-content-wrapper\">\n\t\t\t\t\t\t\t\t\t<span class=\"elementor-button-text\">Kontaktieren Sie uns<\/span>\n\t\t\t\t\t<\/span>\n\t\t\t\t\t<\/a>\n\t\t\t\t\t\t\t\t<\/div>\n\t\t\t\t\t<\/div>\n\t\t<\/div>\n\t\t\t\t<div class=\"elementor-column elementor-col-50 elementor-top-column elementor-element elementor-element-1820dd68\" data-id=\"1820dd68\" data-element_type=\"column\" data-e-type=\"column\" data-settings=\"{&quot;background_background&quot;:&quot;classic&quot;}\">\n\t\t\t<div class=\"elementor-widget-wrap\">\n\t\t\t\t\t\t\t<\/div>\n\t\t<\/div>\n\t\t\t\t\t<\/div>\n\t\t<\/section>\n\t\t\t\t<\/div>\n\t\t","protected":false},"excerpt":{"rendered":"<p>Video L\u00f6sungen Ob im Marketing oder in der Unternehmenskommunikation, Videos lassen sich nicht mehr weg denken. Mit ihnen lassen sich emotionale Botschaften verbreiten, Menschen unterhalten oder komplexe Sachverhalte erkl\u00e4ren. Treffen die Kunden und Mitarbeiter von Unternehmen auf die bereitgestellten Videoinhalte, erwarten Sie dass die Videos mittels\u00a0allen Ihnen zur Verf\u00fcgungen stehenden Endger\u00e4ten konsumierbar sind. Technologisch ist [&hellip;]<\/p>\n","protected":false},"author":1,"featured_media":6033,"parent":1290,"menu_order":3,"comment_status":"open","ping_status":"open","template":"elementor_theme","meta":{"footnotes":""},"class_list":["post-1436","page","type-page","status-publish","has-post-thumbnail","hentry"],"yoast_head":"<!-- This site is optimized with the Yoast SEO Premium plugin v27.4 (Yoast SEO v27.4) - https:\/\/yoast.com\/product\/yoast-seo-premium-wordpress\/ -->\n<title>Digital Media | antegma<\/title>\n<meta name=\"description\" content=\"Video L\u00f6sungen Ob im Marketing oder in der Unternehmenskommunikation, Videos lassen sich nicht mehr weg denken. Mit ihnen lassen sich emotionale\" \/>\n<meta name=\"robots\" content=\"index, follow, max-snippet:-1, max-image-preview:large, max-video-preview:-1\" \/>\n<link rel=\"canonical\" href=\"https:\/\/www.antegma.com\/de\/services\/digital-media\/\" \/>\n<meta property=\"og:locale\" content=\"de_DE\" \/>\n<meta property=\"og:type\" content=\"article\" \/>\n<meta property=\"og:title\" content=\"Digital Media\" \/>\n<meta property=\"og:description\" content=\"Video L\u00f6sungen Ob im Marketing oder in der Unternehmenskommunikation, Videos lassen sich nicht mehr weg denken. Mit ihnen lassen sich emotionale\" \/>\n<meta property=\"og:url\" content=\"https:\/\/www.antegma.com\/de\/services\/digital-media\/\" \/>\n<meta property=\"og:site_name\" content=\"antegma\" \/>\n<meta property=\"article:publisher\" content=\"https:\/\/www.facebook.com\/antegma\" \/>\n<meta property=\"article:modified_time\" content=\"2021-05-04T16:04:54+00:00\" \/>\n<meta property=\"og:image\" content=\"https:\/\/antegmawebsite.blob.core.windows.net\/website\/wp-content\/uploads\/2021\/04\/AdobeStock_237812302-scaled.jpeg\" \/>\n\t<meta property=\"og:image:width\" content=\"2560\" \/>\n\t<meta property=\"og:image:height\" content=\"1707\" \/>\n\t<meta property=\"og:image:type\" content=\"image\/jpeg\" \/>\n<meta name=\"twitter:card\" content=\"summary_large_image\" \/>\n<meta name=\"twitter:site\" content=\"@antegma\" \/>\n<meta name=\"twitter:label1\" content=\"Gesch\u00e4tzte Lesezeit\" \/>\n\t<meta name=\"twitter:data1\" content=\"1\u00a0Minute\" \/>\n<script type=\"application\/ld+json\" class=\"yoast-schema-graph\">{\"@context\":\"https:\\\/\\\/schema.org\",\"@graph\":[{\"@type\":\"WebPage\",\"@id\":\"https:\\\/\\\/www.antegma.com\\\/de\\\/services\\\/digital-media\\\/\",\"url\":\"https:\\\/\\\/www.antegma.com\\\/de\\\/services\\\/digital-media\\\/\",\"name\":\"Digital Media | antegma\",\"isPartOf\":{\"@id\":\"https:\\\/\\\/www.antegma.com\\\/de\\\/#website\"},\"primaryImageOfPage\":{\"@id\":\"https:\\\/\\\/www.antegma.com\\\/de\\\/services\\\/digital-media\\\/#primaryimage\"},\"image\":{\"@id\":\"https:\\\/\\\/www.antegma.com\\\/de\\\/services\\\/digital-media\\\/#primaryimage\"},\"thumbnailUrl\":\"https:\\\/\\\/www.antegma.com\\\/wp-content\\\/uploads\\\/2021\\\/04\\\/AdobeStock_237812302-scaled.jpeg\",\"datePublished\":\"2015-07-22T16:57:47+00:00\",\"dateModified\":\"2021-05-04T16:04:54+00:00\",\"description\":\"Video L\u00f6sungen Ob im Marketing oder in der Unternehmenskommunikation, Videos lassen sich nicht mehr weg denken. Mit ihnen lassen sich emotionale\",\"breadcrumb\":{\"@id\":\"https:\\\/\\\/www.antegma.com\\\/de\\\/services\\\/digital-media\\\/#breadcrumb\"},\"inLanguage\":\"de\",\"potentialAction\":[{\"@type\":\"ReadAction\",\"target\":[\"https:\\\/\\\/www.antegma.com\\\/de\\\/services\\\/digital-media\\\/\"]}]},{\"@type\":\"ImageObject\",\"inLanguage\":\"de\",\"@id\":\"https:\\\/\\\/www.antegma.com\\\/de\\\/services\\\/digital-media\\\/#primaryimage\",\"url\":\"https:\\\/\\\/www.antegma.com\\\/wp-content\\\/uploads\\\/2021\\\/04\\\/AdobeStock_237812302-scaled.jpeg\",\"contentUrl\":\"https:\\\/\\\/www.antegma.com\\\/wp-content\\\/uploads\\\/2021\\\/04\\\/AdobeStock_237812302-scaled.jpeg\",\"width\":2560,\"height\":1707,\"caption\":\"Cropped shot of female hand holding mobile phone playing video stream online\"},{\"@type\":\"BreadcrumbList\",\"@id\":\"https:\\\/\\\/www.antegma.com\\\/de\\\/services\\\/digital-media\\\/#breadcrumb\",\"itemListElement\":[{\"@type\":\"ListItem\",\"position\":1,\"name\":\"Startseite\",\"item\":\"https:\\\/\\\/www.antegma.com\\\/de\\\/\"},{\"@type\":\"ListItem\",\"position\":2,\"name\":\"Services\",\"item\":\"https:\\\/\\\/www.antegma.com\\\/de\\\/services\\\/\"},{\"@type\":\"ListItem\",\"position\":3,\"name\":\"Digital Media\"}]},{\"@type\":\"WebSite\",\"@id\":\"https:\\\/\\\/www.antegma.com\\\/de\\\/#website\",\"url\":\"https:\\\/\\\/www.antegma.com\\\/de\\\/\",\"name\":\"antegma\",\"description\":\"Ihr Partner f\u00fcr die Digitale Transformation\",\"publisher\":{\"@id\":\"https:\\\/\\\/www.antegma.com\\\/de\\\/#organization\"},\"potentialAction\":[{\"@type\":\"SearchAction\",\"target\":{\"@type\":\"EntryPoint\",\"urlTemplate\":\"https:\\\/\\\/www.antegma.com\\\/de\\\/?s={search_term_string}\"},\"query-input\":{\"@type\":\"PropertyValueSpecification\",\"valueRequired\":true,\"valueName\":\"search_term_string\"}}],\"inLanguage\":\"de\"},{\"@type\":\"Organization\",\"@id\":\"https:\\\/\\\/www.antegma.com\\\/de\\\/#organization\",\"name\":\"antegma GmbH\",\"alternateName\":\"antegma\",\"url\":\"https:\\\/\\\/www.antegma.com\\\/de\\\/\",\"logo\":{\"@type\":\"ImageObject\",\"inLanguage\":\"de\",\"@id\":\"https:\\\/\\\/www.antegma.com\\\/de\\\/#\\\/schema\\\/logo\\\/image\\\/\",\"url\":\"https:\\\/\\\/www.antegma.com\\\/wp-content\\\/uploads\\\/2024\\\/11\\\/antegma-logo-white-quadratisch.png\",\"contentUrl\":\"https:\\\/\\\/www.antegma.com\\\/wp-content\\\/uploads\\\/2024\\\/11\\\/antegma-logo-white-quadratisch.png\",\"width\":300,\"height\":300,\"caption\":\"antegma GmbH\"},\"image\":{\"@id\":\"https:\\\/\\\/www.antegma.com\\\/de\\\/#\\\/schema\\\/logo\\\/image\\\/\"},\"sameAs\":[\"https:\\\/\\\/www.facebook.com\\\/antegma\",\"https:\\\/\\\/x.com\\\/antegma\",\"https:\\\/\\\/www.instagram.com\\\/antegma\",\"https:\\\/\\\/www.linkedin.com\\\/company\\\/antegma-gmbh\",\"https:\\\/\\\/www.youtube.com\\\/@antegma\",\"https:\\\/\\\/solutionpartners.adobe.com\\\/s\\\/directory\\\/detail\\\/antegma\",\"https:\\\/\\\/exchange.adobe.com\\\/publisher\\\/ec\\\/2a398941-2c20-49ef-bf6e-b35e902cad15\\\/antegma-gmbh\"],\"description\":\"antegma is specializing in digital transformation consulting and implementation. Based in Germany with offices in Munich and St. Georgen, we help enterprises optimize their content supply chain, work management, digital marketing, digital experience, e-commerce, data & AI, and system integrations. We are partners of Adobe, Canto, Hootsuite, Microsoft, Monday.com.\",\"email\":\"info@antegma.com\",\"telephone\":\"+49 89 55270890\",\"numberOfEmployees\":{\"@type\":\"QuantitativeValue\",\"minValue\":\"11\",\"maxValue\":\"50\"}}]}<\/script>\n<!-- \/ Yoast SEO Premium plugin. -->","yoast_head_json":{"title":"Digital Media | antegma","description":"Video L\u00f6sungen Ob im Marketing oder in der Unternehmenskommunikation, Videos lassen sich nicht mehr weg denken. Mit ihnen lassen sich emotionale","robots":{"index":"index","follow":"follow","max-snippet":"max-snippet:-1","max-image-preview":"max-image-preview:large","max-video-preview":"max-video-preview:-1"},"canonical":"https:\/\/www.antegma.com\/de\/services\/digital-media\/","og_locale":"de_DE","og_type":"article","og_title":"Digital Media","og_description":"Video L\u00f6sungen Ob im Marketing oder in der Unternehmenskommunikation, Videos lassen sich nicht mehr weg denken. Mit ihnen lassen sich emotionale","og_url":"https:\/\/www.antegma.com\/de\/services\/digital-media\/","og_site_name":"antegma","article_publisher":"https:\/\/www.facebook.com\/antegma","article_modified_time":"2021-05-04T16:04:54+00:00","og_image":[{"width":2560,"height":1707,"url":"https:\/\/antegmawebsite.blob.core.windows.net\/website\/wp-content\/uploads\/2021\/04\/AdobeStock_237812302-scaled.jpeg","type":"image\/jpeg"}],"twitter_card":"summary_large_image","twitter_site":"@antegma","twitter_misc":{"Gesch\u00e4tzte Lesezeit":"1\u00a0Minute"},"schema":{"@context":"https:\/\/schema.org","@graph":[{"@type":"WebPage","@id":"https:\/\/www.antegma.com\/de\/services\/digital-media\/","url":"https:\/\/www.antegma.com\/de\/services\/digital-media\/","name":"Digital Media | antegma","isPartOf":{"@id":"https:\/\/www.antegma.com\/de\/#website"},"primaryImageOfPage":{"@id":"https:\/\/www.antegma.com\/de\/services\/digital-media\/#primaryimage"},"image":{"@id":"https:\/\/www.antegma.com\/de\/services\/digital-media\/#primaryimage"},"thumbnailUrl":"https:\/\/www.antegma.com\/wp-content\/uploads\/2021\/04\/AdobeStock_237812302-scaled.jpeg","datePublished":"2015-07-22T16:57:47+00:00","dateModified":"2021-05-04T16:04:54+00:00","description":"Video L\u00f6sungen Ob im Marketing oder in der Unternehmenskommunikation, Videos lassen sich nicht mehr weg denken. Mit ihnen lassen sich emotionale","breadcrumb":{"@id":"https:\/\/www.antegma.com\/de\/services\/digital-media\/#breadcrumb"},"inLanguage":"de","potentialAction":[{"@type":"ReadAction","target":["https:\/\/www.antegma.com\/de\/services\/digital-media\/"]}]},{"@type":"ImageObject","inLanguage":"de","@id":"https:\/\/www.antegma.com\/de\/services\/digital-media\/#primaryimage","url":"https:\/\/www.antegma.com\/wp-content\/uploads\/2021\/04\/AdobeStock_237812302-scaled.jpeg","contentUrl":"https:\/\/www.antegma.com\/wp-content\/uploads\/2021\/04\/AdobeStock_237812302-scaled.jpeg","width":2560,"height":1707,"caption":"Cropped shot of female hand holding mobile phone playing video stream online"},{"@type":"BreadcrumbList","@id":"https:\/\/www.antegma.com\/de\/services\/digital-media\/#breadcrumb","itemListElement":[{"@type":"ListItem","position":1,"name":"Startseite","item":"https:\/\/www.antegma.com\/de\/"},{"@type":"ListItem","position":2,"name":"Services","item":"https:\/\/www.antegma.com\/de\/services\/"},{"@type":"ListItem","position":3,"name":"Digital Media"}]},{"@type":"WebSite","@id":"https:\/\/www.antegma.com\/de\/#website","url":"https:\/\/www.antegma.com\/de\/","name":"antegma","description":"Ihr Partner f\u00fcr die Digitale Transformation","publisher":{"@id":"https:\/\/www.antegma.com\/de\/#organization"},"potentialAction":[{"@type":"SearchAction","target":{"@type":"EntryPoint","urlTemplate":"https:\/\/www.antegma.com\/de\/?s={search_term_string}"},"query-input":{"@type":"PropertyValueSpecification","valueRequired":true,"valueName":"search_term_string"}}],"inLanguage":"de"},{"@type":"Organization","@id":"https:\/\/www.antegma.com\/de\/#organization","name":"antegma GmbH","alternateName":"antegma","url":"https:\/\/www.antegma.com\/de\/","logo":{"@type":"ImageObject","inLanguage":"de","@id":"https:\/\/www.antegma.com\/de\/#\/schema\/logo\/image\/","url":"https:\/\/www.antegma.com\/wp-content\/uploads\/2024\/11\/antegma-logo-white-quadratisch.png","contentUrl":"https:\/\/www.antegma.com\/wp-content\/uploads\/2024\/11\/antegma-logo-white-quadratisch.png","width":300,"height":300,"caption":"antegma GmbH"},"image":{"@id":"https:\/\/www.antegma.com\/de\/#\/schema\/logo\/image\/"},"sameAs":["https:\/\/www.facebook.com\/antegma","https:\/\/x.com\/antegma","https:\/\/www.instagram.com\/antegma","https:\/\/www.linkedin.com\/company\/antegma-gmbh","https:\/\/www.youtube.com\/@antegma","https:\/\/solutionpartners.adobe.com\/s\/directory\/detail\/antegma","https:\/\/exchange.adobe.com\/publisher\/ec\/2a398941-2c20-49ef-bf6e-b35e902cad15\/antegma-gmbh"],"description":"antegma is specializing in digital transformation consulting and implementation. Based in Germany with offices in Munich and St. Georgen, we help enterprises optimize their content supply chain, work management, digital marketing, digital experience, e-commerce, data & AI, and system integrations. We are partners of Adobe, Canto, Hootsuite, Microsoft, Monday.com.","email":"info@antegma.com","telephone":"+49 89 55270890","numberOfEmployees":{"@type":"QuantitativeValue","minValue":"11","maxValue":"50"}}]}},"_links":{"self":[{"href":"https:\/\/www.antegma.com\/de\/wp-json\/wp\/v2\/pages\/1436","targetHints":{"allow":["GET"]}}],"collection":[{"href":"https:\/\/www.antegma.com\/de\/wp-json\/wp\/v2\/pages"}],"about":[{"href":"https:\/\/www.antegma.com\/de\/wp-json\/wp\/v2\/types\/page"}],"author":[{"embeddable":true,"href":"https:\/\/www.antegma.com\/de\/wp-json\/wp\/v2\/users\/1"}],"replies":[{"embeddable":true,"href":"https:\/\/www.antegma.com\/de\/wp-json\/wp\/v2\/comments?post=1436"}],"version-history":[{"count":0,"href":"https:\/\/www.antegma.com\/de\/wp-json\/wp\/v2\/pages\/1436\/revisions"}],"up":[{"embeddable":true,"href":"https:\/\/www.antegma.com\/de\/wp-json\/wp\/v2\/pages\/1290"}],"wp:featuredmedia":[{"embeddable":true,"href":"https:\/\/www.antegma.com\/de\/wp-json\/wp\/v2\/media\/6033"}],"wp:attachment":[{"href":"https:\/\/www.antegma.com\/de\/wp-json\/wp\/v2\/media?parent=1436"}],"curies":[{"name":"wp","href":"https:\/\/api.w.org\/{rel}","templated":true}]}}