{"id":15,"date":"2015-07-03T07:43:58","date_gmt":"2015-07-03T07:43:58","guid":{"rendered":"http:\/\/antegma.de\/?page_id=15"},"modified":"2024-11-26T13:10:33","modified_gmt":"2024-11-26T12:10:33","slug":"imprint","status":"publish","type":"page","link":"https:\/\/www.antegma.com\/de\/imprint\/","title":{"rendered":"Impressum"},"content":{"rendered":"\t\t<div data-elementor-type=\"wp-page\" data-elementor-id=\"15\" class=\"elementor elementor-15\" data-elementor-post-type=\"page\">\n\t\t\t\t<div class=\"elementor-element elementor-element-5b6ab64 e-flex e-con-boxed e-con e-parent\" data-id=\"5b6ab64\" data-element_type=\"container\" data-e-type=\"container\">\n\t\t\t\t\t<div class=\"e-con-inner\">\n\t\t\t\t<div class=\"elementor-element elementor-element-79fb885 elementor-widget elementor-widget-heading\" data-id=\"79fb885\" data-element_type=\"widget\" data-e-type=\"widget\" data-widget_type=\"heading.default\">\n\t\t\t\t\t<h2 class=\"elementor-heading-title elementor-size-default\">Informationen gem\u00e4\u00df Telemediengesetz<\/h2>\t\t\t\t<\/div>\n\t\t\t\t<div class=\"elementor-element elementor-element-1cf8f6f elementor-widget elementor-widget-text-editor\" data-id=\"1cf8f6f\" data-element_type=\"widget\" data-e-type=\"widget\" data-widget_type=\"text-editor.default\">\n\t\t\t\t\t\t\t\t\t<p><strong>antegma GmbH\u00a0<\/strong><br \/>Emil-Riemensperger-Weg 20<br \/>78112\u00a0St.Georgen<br \/>Deutschland<\/p><p>Telefon: +49 7724 \/ 949603<br \/>E-Mail: info@antegma.com<\/p>\t\t\t\t\t\t\t\t<\/div>\n\t\t\t\t<div class=\"elementor-element elementor-element-2988237 elementor-widget elementor-widget-heading\" data-id=\"2988237\" data-element_type=\"widget\" data-e-type=\"widget\" data-widget_type=\"heading.default\">\n\t\t\t\t\t<h2 class=\"elementor-heading-title elementor-size-default\">Vertretung<\/h2>\t\t\t\t<\/div>\n\t\t\t\t<div class=\"elementor-element elementor-element-b3e4af0 elementor-widget elementor-widget-text-editor\" data-id=\"b3e4af0\" data-element_type=\"widget\" data-e-type=\"widget\" data-widget_type=\"text-editor.default\">\n\t\t\t\t\t\t\t\t\t<p>Gesch\u00e4ftsf\u00fchrer: Patrick Heinzelmann<\/p><p>Registergericht: Amtsgericht Freiburg<br \/>Registernummer: HRB 713158<\/p><p>Umsatzsteuer-Identifikationsnummer gem\u00e4\u00df \u00a727a Umsatzsteuergesetz: DE300694967<\/p>\t\t\t\t\t\t\t\t<\/div>\n\t\t\t\t<div class=\"elementor-element elementor-element-88ebd42 elementor-widget elementor-widget-heading\" data-id=\"88ebd42\" data-element_type=\"widget\" data-e-type=\"widget\" data-widget_type=\"heading.default\">\n\t\t\t\t\t<h2 class=\"elementor-heading-title elementor-size-default\">Inhaltlich verantwortlich<\/h2>\t\t\t\t<\/div>\n\t\t\t\t<div class=\"elementor-element elementor-element-33068a1 elementor-widget elementor-widget-text-editor\" data-id=\"33068a1\" data-element_type=\"widget\" data-e-type=\"widget\" data-widget_type=\"text-editor.default\">\n\t\t\t\t\t\t\t\t\t<p><strong>antegma GmbH\u00a0<\/strong><br \/>Patrick Heinzelmann<br \/>Emil-Riemensperger-Weg 20<br \/>78112\u00a0St.Georgen<br \/>Deutschland<\/p>\t\t\t\t\t\t\t\t<\/div>\n\t\t\t\t<div class=\"elementor-element elementor-element-047d3aa elementor-widget elementor-widget-heading\" data-id=\"047d3aa\" data-element_type=\"widget\" data-e-type=\"widget\" data-widget_type=\"heading.default\">\n\t\t\t\t\t<h2 class=\"elementor-heading-title elementor-size-default\">Rechtlicher Hinweise<\/h2>\t\t\t\t<\/div>\n\t\t\t\t<div class=\"elementor-element elementor-element-0874699 elementor-widget elementor-widget-heading\" data-id=\"0874699\" data-element_type=\"widget\" data-e-type=\"widget\" data-widget_type=\"heading.default\">\n\t\t\t\t\t<h4 class=\"elementor-heading-title elementor-size-default\">Haftungsbeschr\u00e4nkung<\/h4>\t\t\t\t<\/div>\n\t\t\t\t<div class=\"elementor-element elementor-element-5fa12a9 elementor-widget elementor-widget-text-editor\" data-id=\"5fa12a9\" data-element_type=\"widget\" data-e-type=\"widget\" data-widget_type=\"text-editor.default\">\n\t\t\t\t\t\t\t\t\t<p>Die Inhalte dieser Website werden mit gr\u00f6\u00dftm\u00f6glicher Sorgfalt erstellt. Der Anbieter \u00fcbernimmt jedoch keine Gew\u00e4hr f\u00fcr die Richtigkeit, Vollst\u00e4ndigkeit und Aktualit\u00e4t der bereitgestellten Inhalte. Die Nutzung der Inhalte der Website erfolgt auf eigene Gefahr des Nutzers. Namentlich gekennzeichnete Beitr\u00e4ge geben die Meinung des jeweiligen Autors und nicht immer die Meinung des Anbieters wieder. Mit der reinen Nutzung der Website des Anbieters kommt keinerlei Vertragsverh\u00e4ltnis zwischen dem Nutzer und dem Anbieter zustande.<\/p>\t\t\t\t\t\t\t\t<\/div>\n\t\t\t\t<div class=\"elementor-element elementor-element-e571116 elementor-widget elementor-widget-heading\" data-id=\"e571116\" data-element_type=\"widget\" data-e-type=\"widget\" data-widget_type=\"heading.default\">\n\t\t\t\t\t<h4 class=\"elementor-heading-title elementor-size-default\">Externe Links<\/h4>\t\t\t\t<\/div>\n\t\t\t\t<div class=\"elementor-element elementor-element-1a60454 elementor-widget elementor-widget-text-editor\" data-id=\"1a60454\" data-element_type=\"widget\" data-e-type=\"widget\" data-widget_type=\"text-editor.default\">\n\t\t\t\t\t\t\t\t\t<p>Diese Website enth\u00e4lt Verkn\u00fcpfungen zu Websites Dritter (&#8222;externe Links&#8220;). Diese Websites unterliegen der Haftung der jeweiligen Betreiber. Der Anbieter hat bei der erstmaligen Verkn\u00fcpfung der externen Links die fremden Inhalte daraufhin \u00fcberpr\u00fcft, ob etwaige Rechtsverst\u00f6\u00dfe bestehen. Zu dem Zeitpunkt waren keine Rechtsverst\u00f6\u00dfe ersichtlich. Der Anbieter hat keinerlei Einfluss auf die aktuelle und zuk\u00fcnftige Gestaltung und auf die Inhalte der verkn\u00fcpften Seiten. Das Setzen von externen Links bedeutet nicht, dass sich der Anbieter die hinter dem Verweis oder Link liegenden Inhalte zu Eigen macht. Eine st\u00e4ndige Kontrolle der externen Links ist f\u00fcr den Anbieter ohne konkrete Hinweise auf Rechtsverst\u00f6\u00dfe nicht zumutbar. Bei Kenntnis von Rechtsverst\u00f6\u00dfen werden jedoch derartige externe Links unverz\u00fcglich gel\u00f6scht.<\/p>\t\t\t\t\t\t\t\t<\/div>\n\t\t\t\t<div class=\"elementor-element elementor-element-00de93f elementor-widget elementor-widget-heading\" data-id=\"00de93f\" data-element_type=\"widget\" data-e-type=\"widget\" data-widget_type=\"heading.default\">\n\t\t\t\t\t<h4 class=\"elementor-heading-title elementor-size-default\">Urheber- und Leistungsschutzrechte<\/h4>\t\t\t\t<\/div>\n\t\t\t\t<div class=\"elementor-element elementor-element-3cc7ea4 elementor-widget elementor-widget-text-editor\" data-id=\"3cc7ea4\" data-element_type=\"widget\" data-e-type=\"widget\" data-widget_type=\"text-editor.default\">\n\t\t\t\t\t\t\t\t\t<p>Die auf dieser Website ver\u00f6ffentlichten Inhalte unterliegen dem deutschen Urheber- und Leistungsschutzrecht. Jede vom deutschen Urheber- und Leistungsschutzrecht nicht zugelassene Verwertung bedarf der vorherigen schriftlichen Zustimmung des Anbieters oder jeweiligen Rechteinhabers. Dies gilt insbesondere f\u00fcr Vervielf\u00e4ltigung, Bearbeitung, \u00dcbersetzung, Einspeicherung, Verarbeitung bzw. Wiedergabe von Inhalten in Datenbanken oder anderen elektronischen Medien und Systemen. Inhalte und Rechte Dritter sind dabei als solche gekennzeichnet. Die unerlaubte Vervielf\u00e4ltigung oder Weitergabe einzelner Inhalte oder kompletter Seiten ist nicht gestattet und strafbar. Lediglich die Herstellung von Kopien und Downloads f\u00fcr den pers\u00f6nlichen, privaten und nicht kommerziellen Gebrauch ist erlaubt.<\/p><p>Die Darstellung dieser Website in fremden Frames ist nur mit schriftlicher Erlaubnis zul\u00e4ssig.<\/p>\t\t\t\t\t\t\t\t<\/div>\n\t\t\t\t<div class=\"elementor-element elementor-element-a1317f3 elementor-widget elementor-widget-text-editor\" data-id=\"a1317f3\" data-element_type=\"widget\" data-e-type=\"widget\" data-widget_type=\"text-editor.default\">\n\t\t\t\t\t\t\t\t\t<p>Quelle: <a href=\"http:\/\/www.experten-branchenbuch.de\/\">experten-branchenbuch<\/a><\/p>\t\t\t\t\t\t\t\t<\/div>\n\t\t\t\t\t<\/div>\n\t\t\t\t<\/div>\n\t\t\t\t<\/div>\n\t\t","protected":false},"excerpt":{"rendered":"<p>Informationen gem\u00e4\u00df Telemediengesetz antegma GmbH\u00a0Emil-Riemensperger-Weg 2078112\u00a0St.GeorgenDeutschland Telefon: +49 7724 \/ 949603E-Mail: info@antegma.com Vertretung Gesch\u00e4ftsf\u00fchrer: Patrick Heinzelmann Registergericht: Amtsgericht FreiburgRegisternummer: HRB 713158 Umsatzsteuer-Identifikationsnummer gem\u00e4\u00df \u00a727a Umsatzsteuergesetz: DE300694967 Inhaltlich verantwortlich antegma GmbH\u00a0Patrick HeinzelmannEmil-Riemensperger-Weg 2078112\u00a0St.GeorgenDeutschland Rechtlicher Hinweise Haftungsbeschr\u00e4nkung Die Inhalte dieser Website werden mit gr\u00f6\u00dftm\u00f6glicher Sorgfalt erstellt. Der Anbieter \u00fcbernimmt jedoch keine Gew\u00e4hr f\u00fcr die Richtigkeit, Vollst\u00e4ndigkeit und [&hellip;]<\/p>\n","protected":false},"author":1,"featured_media":8011,"parent":0,"menu_order":0,"comment_status":"open","ping_status":"open","template":"elementor_theme","meta":{"footnotes":""},"class_list":["post-15","page","type-page","status-publish","has-post-thumbnail","hentry"],"yoast_head":"<!-- This site is optimized with the Yoast SEO Premium plugin v27.4 (Yoast SEO v27.4) - https:\/\/yoast.com\/product\/yoast-seo-premium-wordpress\/ -->\n<title>Impressum | antegma<\/title>\n<meta name=\"description\" content=\"Informationen gem\u00e4\u00df Telemediengesetz antegma GmbH\u00a0Emil-Riemensperger-Weg 2078112\u00a0St.GeorgenDeutschlandTelefon: +49 7724 \/ 949603E-Mail: info@antegma.com\" \/>\n<meta name=\"robots\" content=\"index, follow, max-snippet:-1, max-image-preview:large, max-video-preview:-1\" \/>\n<link rel=\"canonical\" href=\"https:\/\/www.antegma.com\/de\/imprint\/\" \/>\n<meta property=\"og:locale\" content=\"de_DE\" \/>\n<meta property=\"og:type\" content=\"article\" \/>\n<meta property=\"og:title\" content=\"Impressum\" \/>\n<meta property=\"og:description\" content=\"Informationen gem\u00e4\u00df Telemediengesetz antegma GmbH\u00a0Emil-Riemensperger-Weg 2078112\u00a0St.GeorgenDeutschlandTelefon: +49 7724 \/ 949603E-Mail: info@antegma.com\" \/>\n<meta property=\"og:url\" content=\"https:\/\/www.antegma.com\/de\/imprint\/\" \/>\n<meta property=\"og:site_name\" content=\"antegma\" \/>\n<meta property=\"article:publisher\" content=\"https:\/\/www.facebook.com\/antegma\" \/>\n<meta property=\"article:modified_time\" content=\"2024-11-26T12:10:33+00:00\" \/>\n<meta property=\"og:image\" content=\"https:\/\/www.antegma.com\/wp-content\/uploads\/2021\/05\/AdobeStock_406930661-scaled.jpeg\" \/>\n\t<meta property=\"og:image:width\" content=\"2560\" \/>\n\t<meta property=\"og:image:height\" content=\"960\" \/>\n\t<meta property=\"og:image:type\" content=\"image\/jpeg\" \/>\n<meta name=\"twitter:card\" content=\"summary_large_image\" \/>\n<meta name=\"twitter:site\" content=\"@antegma\" \/>\n<meta name=\"twitter:label1\" content=\"Gesch\u00e4tzte Lesezeit\" \/>\n\t<meta name=\"twitter:data1\" content=\"2\u00a0Minuten\" \/>\n<script type=\"application\/ld+json\" class=\"yoast-schema-graph\">{\"@context\":\"https:\\\/\\\/schema.org\",\"@graph\":[{\"@type\":\"WebPage\",\"@id\":\"https:\\\/\\\/www.antegma.com\\\/de\\\/imprint\\\/\",\"url\":\"https:\\\/\\\/www.antegma.com\\\/de\\\/imprint\\\/\",\"name\":\"Impressum | antegma\",\"isPartOf\":{\"@id\":\"https:\\\/\\\/www.antegma.com\\\/de\\\/#website\"},\"primaryImageOfPage\":{\"@id\":\"https:\\\/\\\/www.antegma.com\\\/de\\\/imprint\\\/#primaryimage\"},\"image\":{\"@id\":\"https:\\\/\\\/www.antegma.com\\\/de\\\/imprint\\\/#primaryimage\"},\"thumbnailUrl\":\"https:\\\/\\\/www.antegma.com\\\/wp-content\\\/uploads\\\/2021\\\/05\\\/AdobeStock_406930661-scaled.jpeg\",\"datePublished\":\"2015-07-03T07:43:58+00:00\",\"dateModified\":\"2024-11-26T12:10:33+00:00\",\"description\":\"Informationen gem\u00e4\u00df Telemediengesetz antegma GmbH\u00a0Emil-Riemensperger-Weg 2078112\u00a0St.GeorgenDeutschlandTelefon: +49 7724 \\\/ 949603E-Mail: info@antegma.com\",\"breadcrumb\":{\"@id\":\"https:\\\/\\\/www.antegma.com\\\/de\\\/imprint\\\/#breadcrumb\"},\"inLanguage\":\"de\",\"potentialAction\":[{\"@type\":\"ReadAction\",\"target\":[\"https:\\\/\\\/www.antegma.com\\\/de\\\/imprint\\\/\"]}]},{\"@type\":\"ImageObject\",\"inLanguage\":\"de\",\"@id\":\"https:\\\/\\\/www.antegma.com\\\/de\\\/imprint\\\/#primaryimage\",\"url\":\"https:\\\/\\\/www.antegma.com\\\/wp-content\\\/uploads\\\/2021\\\/05\\\/AdobeStock_406930661-scaled.jpeg\",\"contentUrl\":\"https:\\\/\\\/www.antegma.com\\\/wp-content\\\/uploads\\\/2021\\\/05\\\/AdobeStock_406930661-scaled.jpeg\",\"width\":2560,\"height\":960,\"caption\":\"Abstract Concept Background. White Monochrome Texture. Hypnotic 3d Rendering\"},{\"@type\":\"BreadcrumbList\",\"@id\":\"https:\\\/\\\/www.antegma.com\\\/de\\\/imprint\\\/#breadcrumb\",\"itemListElement\":[{\"@type\":\"ListItem\",\"position\":1,\"name\":\"Startseite\",\"item\":\"https:\\\/\\\/www.antegma.com\\\/de\\\/\"},{\"@type\":\"ListItem\",\"position\":2,\"name\":\"Impressum\"}]},{\"@type\":\"WebSite\",\"@id\":\"https:\\\/\\\/www.antegma.com\\\/de\\\/#website\",\"url\":\"https:\\\/\\\/www.antegma.com\\\/de\\\/\",\"name\":\"antegma\",\"description\":\"Ihr Partner f\u00fcr die Digitale Transformation\",\"publisher\":{\"@id\":\"https:\\\/\\\/www.antegma.com\\\/de\\\/#organization\"},\"potentialAction\":[{\"@type\":\"SearchAction\",\"target\":{\"@type\":\"EntryPoint\",\"urlTemplate\":\"https:\\\/\\\/www.antegma.com\\\/de\\\/?s={search_term_string}\"},\"query-input\":{\"@type\":\"PropertyValueSpecification\",\"valueRequired\":true,\"valueName\":\"search_term_string\"}}],\"inLanguage\":\"de\"},{\"@type\":\"Organization\",\"@id\":\"https:\\\/\\\/www.antegma.com\\\/de\\\/#organization\",\"name\":\"antegma GmbH\",\"alternateName\":\"antegma\",\"url\":\"https:\\\/\\\/www.antegma.com\\\/de\\\/\",\"logo\":{\"@type\":\"ImageObject\",\"inLanguage\":\"de\",\"@id\":\"https:\\\/\\\/www.antegma.com\\\/de\\\/#\\\/schema\\\/logo\\\/image\\\/\",\"url\":\"https:\\\/\\\/www.antegma.com\\\/wp-content\\\/uploads\\\/2024\\\/11\\\/antegma-logo-white-quadratisch.png\",\"contentUrl\":\"https:\\\/\\\/www.antegma.com\\\/wp-content\\\/uploads\\\/2024\\\/11\\\/antegma-logo-white-quadratisch.png\",\"width\":300,\"height\":300,\"caption\":\"antegma GmbH\"},\"image\":{\"@id\":\"https:\\\/\\\/www.antegma.com\\\/de\\\/#\\\/schema\\\/logo\\\/image\\\/\"},\"sameAs\":[\"https:\\\/\\\/www.facebook.com\\\/antegma\",\"https:\\\/\\\/x.com\\\/antegma\",\"https:\\\/\\\/www.instagram.com\\\/antegma\",\"https:\\\/\\\/www.linkedin.com\\\/company\\\/antegma-gmbh\",\"https:\\\/\\\/www.youtube.com\\\/@antegma\",\"https:\\\/\\\/solutionpartners.adobe.com\\\/s\\\/directory\\\/detail\\\/antegma\",\"https:\\\/\\\/exchange.adobe.com\\\/publisher\\\/ec\\\/2a398941-2c20-49ef-bf6e-b35e902cad15\\\/antegma-gmbh\"],\"description\":\"antegma is specializing in digital transformation consulting and implementation. Based in Germany with offices in Munich and St. Georgen, we help enterprises optimize their content supply chain, work management, digital marketing, digital experience, e-commerce, data & AI, and system integrations. We are partners of Adobe, Canto, Hootsuite, Microsoft, Monday.com.\",\"email\":\"info@antegma.com\",\"telephone\":\"+49 89 55270890\",\"numberOfEmployees\":{\"@type\":\"QuantitativeValue\",\"minValue\":\"11\",\"maxValue\":\"50\"}}]}<\/script>\n<!-- \/ Yoast SEO Premium plugin. -->","yoast_head_json":{"title":"Impressum | antegma","description":"Informationen gem\u00e4\u00df Telemediengesetz antegma GmbH\u00a0Emil-Riemensperger-Weg 2078112\u00a0St.GeorgenDeutschlandTelefon: +49 7724 \/ 949603E-Mail: info@antegma.com","robots":{"index":"index","follow":"follow","max-snippet":"max-snippet:-1","max-image-preview":"max-image-preview:large","max-video-preview":"max-video-preview:-1"},"canonical":"https:\/\/www.antegma.com\/de\/imprint\/","og_locale":"de_DE","og_type":"article","og_title":"Impressum","og_description":"Informationen gem\u00e4\u00df Telemediengesetz antegma GmbH\u00a0Emil-Riemensperger-Weg 2078112\u00a0St.GeorgenDeutschlandTelefon: +49 7724 \/ 949603E-Mail: info@antegma.com","og_url":"https:\/\/www.antegma.com\/de\/imprint\/","og_site_name":"antegma","article_publisher":"https:\/\/www.facebook.com\/antegma","article_modified_time":"2024-11-26T12:10:33+00:00","og_image":[{"width":2560,"height":960,"url":"https:\/\/www.antegma.com\/wp-content\/uploads\/2021\/05\/AdobeStock_406930661-scaled.jpeg","type":"image\/jpeg"}],"twitter_card":"summary_large_image","twitter_site":"@antegma","twitter_misc":{"Gesch\u00e4tzte Lesezeit":"2\u00a0Minuten"},"schema":{"@context":"https:\/\/schema.org","@graph":[{"@type":"WebPage","@id":"https:\/\/www.antegma.com\/de\/imprint\/","url":"https:\/\/www.antegma.com\/de\/imprint\/","name":"Impressum | antegma","isPartOf":{"@id":"https:\/\/www.antegma.com\/de\/#website"},"primaryImageOfPage":{"@id":"https:\/\/www.antegma.com\/de\/imprint\/#primaryimage"},"image":{"@id":"https:\/\/www.antegma.com\/de\/imprint\/#primaryimage"},"thumbnailUrl":"https:\/\/www.antegma.com\/wp-content\/uploads\/2021\/05\/AdobeStock_406930661-scaled.jpeg","datePublished":"2015-07-03T07:43:58+00:00","dateModified":"2024-11-26T12:10:33+00:00","description":"Informationen gem\u00e4\u00df Telemediengesetz antegma GmbH\u00a0Emil-Riemensperger-Weg 2078112\u00a0St.GeorgenDeutschlandTelefon: +49 7724 \/ 949603E-Mail: info@antegma.com","breadcrumb":{"@id":"https:\/\/www.antegma.com\/de\/imprint\/#breadcrumb"},"inLanguage":"de","potentialAction":[{"@type":"ReadAction","target":["https:\/\/www.antegma.com\/de\/imprint\/"]}]},{"@type":"ImageObject","inLanguage":"de","@id":"https:\/\/www.antegma.com\/de\/imprint\/#primaryimage","url":"https:\/\/www.antegma.com\/wp-content\/uploads\/2021\/05\/AdobeStock_406930661-scaled.jpeg","contentUrl":"https:\/\/www.antegma.com\/wp-content\/uploads\/2021\/05\/AdobeStock_406930661-scaled.jpeg","width":2560,"height":960,"caption":"Abstract Concept Background. White Monochrome Texture. Hypnotic 3d Rendering"},{"@type":"BreadcrumbList","@id":"https:\/\/www.antegma.com\/de\/imprint\/#breadcrumb","itemListElement":[{"@type":"ListItem","position":1,"name":"Startseite","item":"https:\/\/www.antegma.com\/de\/"},{"@type":"ListItem","position":2,"name":"Impressum"}]},{"@type":"WebSite","@id":"https:\/\/www.antegma.com\/de\/#website","url":"https:\/\/www.antegma.com\/de\/","name":"antegma","description":"Ihr Partner f\u00fcr die Digitale Transformation","publisher":{"@id":"https:\/\/www.antegma.com\/de\/#organization"},"potentialAction":[{"@type":"SearchAction","target":{"@type":"EntryPoint","urlTemplate":"https:\/\/www.antegma.com\/de\/?s={search_term_string}"},"query-input":{"@type":"PropertyValueSpecification","valueRequired":true,"valueName":"search_term_string"}}],"inLanguage":"de"},{"@type":"Organization","@id":"https:\/\/www.antegma.com\/de\/#organization","name":"antegma GmbH","alternateName":"antegma","url":"https:\/\/www.antegma.com\/de\/","logo":{"@type":"ImageObject","inLanguage":"de","@id":"https:\/\/www.antegma.com\/de\/#\/schema\/logo\/image\/","url":"https:\/\/www.antegma.com\/wp-content\/uploads\/2024\/11\/antegma-logo-white-quadratisch.png","contentUrl":"https:\/\/www.antegma.com\/wp-content\/uploads\/2024\/11\/antegma-logo-white-quadratisch.png","width":300,"height":300,"caption":"antegma GmbH"},"image":{"@id":"https:\/\/www.antegma.com\/de\/#\/schema\/logo\/image\/"},"sameAs":["https:\/\/www.facebook.com\/antegma","https:\/\/x.com\/antegma","https:\/\/www.instagram.com\/antegma","https:\/\/www.linkedin.com\/company\/antegma-gmbh","https:\/\/www.youtube.com\/@antegma","https:\/\/solutionpartners.adobe.com\/s\/directory\/detail\/antegma","https:\/\/exchange.adobe.com\/publisher\/ec\/2a398941-2c20-49ef-bf6e-b35e902cad15\/antegma-gmbh"],"description":"antegma is specializing in digital transformation consulting and implementation. Based in Germany with offices in Munich and St. Georgen, we help enterprises optimize their content supply chain, work management, digital marketing, digital experience, e-commerce, data & AI, and system integrations. We are partners of Adobe, Canto, Hootsuite, Microsoft, Monday.com.","email":"info@antegma.com","telephone":"+49 89 55270890","numberOfEmployees":{"@type":"QuantitativeValue","minValue":"11","maxValue":"50"}}]}},"_links":{"self":[{"href":"https:\/\/www.antegma.com\/de\/wp-json\/wp\/v2\/pages\/15","targetHints":{"allow":["GET"]}}],"collection":[{"href":"https:\/\/www.antegma.com\/de\/wp-json\/wp\/v2\/pages"}],"about":[{"href":"https:\/\/www.antegma.com\/de\/wp-json\/wp\/v2\/types\/page"}],"author":[{"embeddable":true,"href":"https:\/\/www.antegma.com\/de\/wp-json\/wp\/v2\/users\/1"}],"replies":[{"embeddable":true,"href":"https:\/\/www.antegma.com\/de\/wp-json\/wp\/v2\/comments?post=15"}],"version-history":[{"count":6,"href":"https:\/\/www.antegma.com\/de\/wp-json\/wp\/v2\/pages\/15\/revisions"}],"predecessor-version":[{"id":14958,"href":"https:\/\/www.antegma.com\/de\/wp-json\/wp\/v2\/pages\/15\/revisions\/14958"}],"wp:featuredmedia":[{"embeddable":true,"href":"https:\/\/www.antegma.com\/de\/wp-json\/wp\/v2\/media\/8011"}],"wp:attachment":[{"href":"https:\/\/www.antegma.com\/de\/wp-json\/wp\/v2\/media?parent=15"}],"curies":[{"name":"wp","href":"https:\/\/api.w.org\/{rel}","templated":true}]}}