{"id":16547,"date":"2026-01-05T23:15:02","date_gmt":"2026-01-05T22:15:02","guid":{"rendered":"https:\/\/www.antegma.com\/?page_id=16547"},"modified":"2026-01-05T23:15:03","modified_gmt":"2026-01-05T22:15:03","slug":"accessibility-statement","status":"publish","type":"page","link":"https:\/\/www.antegma.com\/de\/legal\/accessibility-statement\/","title":{"rendered":"Barrierefreiheitserkl\u00e4rung"},"content":{"rendered":"\t\t<div data-elementor-type=\"wp-page\" data-elementor-id=\"16547\" class=\"elementor elementor-16547\" data-elementor-post-type=\"page\">\n\t\t\t\t<div class=\"elementor-element elementor-element-fac91c3 e-flex e-con-boxed e-con e-parent\" data-id=\"fac91c3\" data-element_type=\"container\">\n\t\t\t\t\t<div class=\"e-con-inner\">\n\t\t\t\t<div class=\"elementor-element elementor-element-abcae0f elementor-widget elementor-widget-text-editor\" data-id=\"abcae0f\" data-element_type=\"widget\" data-widget_type=\"text-editor.default\">\n\t\t\t\t<div class=\"elementor-widget-container\">\n\t\t\t\t\t\t\t<p><strong>Stand: 01.0.1.2025<\/strong><\/p><p>Die antegma GmbH ist bestrebt, ihre Website <a class=\"underline underline underline-offset-2 decoration-1 decoration-current\/40 hover:decoration-current focus:decoration-current\" href=\"http:\/\/www.antegma.com\">www.antegma.com<\/a> barrierefrei zu gestalten. Als Beratungsunternehmen f\u00fcr Digitale Barrierefreiheit legen wir Wert darauf, unsere eigenen digitalen Angebote zug\u00e4nglich zu machen.<\/p>\t\t\t\t\t\t<\/div>\n\t\t\t\t<\/div>\n\t\t\t\t<div class=\"elementor-element elementor-element-ebfd2c2 elementor-widget elementor-widget-heading\" data-id=\"ebfd2c2\" data-element_type=\"widget\" data-widget_type=\"heading.default\">\n\t\t\t\t<div class=\"elementor-widget-container\">\n\t\t\t<h2 class=\"elementor-heading-title elementor-size-default\">Technische Umsetzung<\/h2>\t\t<\/div>\n\t\t\t\t<\/div>\n\t\t\t\t<div class=\"elementor-element elementor-element-0ea2ba8 elementor-widget elementor-widget-text-editor\" data-id=\"0ea2ba8\" data-element_type=\"widget\" data-widget_type=\"text-editor.default\">\n\t\t\t\t<div class=\"elementor-widget-container\">\n\t\t\t\t\t\t\t<p class=\"font-claude-response-body break-words whitespace-normal leading-[1.7]\">Bei der Gestaltung dieser Website orientieren wir uns an den Web Content Accessibility Guidelines (WCAG 2.1, Level AA) sowie der europ\u00e4ischen Norm EN 301 549. Wir arbeiten kontinuierlich daran, die Barrierefreiheit unserer Website zu verbessern.<\/p>\t\t\t\t\t\t<\/div>\n\t\t\t\t<\/div>\n\t\t\t\t<div class=\"elementor-element elementor-element-1ce77e1 elementor-widget elementor-widget-heading\" data-id=\"1ce77e1\" data-element_type=\"widget\" data-widget_type=\"heading.default\">\n\t\t\t\t<div class=\"elementor-widget-container\">\n\t\t\t<h2 class=\"elementor-heading-title elementor-size-default\">Feedback und Kontakt\n<\/h2>\t\t<\/div>\n\t\t\t\t<\/div>\n\t\t\t\t<div class=\"elementor-element elementor-element-ce5e874 elementor-widget elementor-widget-text-editor\" data-id=\"ce5e874\" data-element_type=\"widget\" data-widget_type=\"text-editor.default\">\n\t\t\t\t<div class=\"elementor-widget-container\">\n\t\t\t\t\t\t\t<p class=\"font-claude-response-body break-words whitespace-normal leading-[1.7]\">Sollten Sie auf Barrieren sto\u00dfen oder Verbesserungsvorschl\u00e4ge haben, freuen wir uns \u00fcber Ihre R\u00fcckmeldung:<\/p><p class=\"font-claude-response-body break-words whitespace-normal leading-[1.7]\">antegma GmbH<br \/>E-Mail: <a class=\"underline underline underline-offset-2 decoration-1 decoration-current\/40 hover:decoration-current focus:decoration-current\" href=\"mailto:info@antegma.com\">info@antegma.com<\/a><\/p>\t\t\t\t\t\t<\/div>\n\t\t\t\t<\/div>\n\t\t\t\t\t<\/div>\n\t\t\t\t<\/div>\n\t\t\t\t<\/div>\n\t\t","protected":false},"excerpt":{"rendered":"<p>Stand: 01.0.1.2025 Die antegma GmbH ist bestrebt, ihre Website www.antegma.com barrierefrei zu gestalten. Als Beratungsunternehmen f\u00fcr Digitale Barrierefreiheit legen wir Wert darauf, unsere eigenen digitalen Angebote zug\u00e4nglich zu machen. Technische Umsetzung Bei der Gestaltung dieser Website orientieren wir uns an den Web Content Accessibility Guidelines (WCAG 2.1, Level AA) sowie der europ\u00e4ischen Norm EN 301 [&hellip;]<\/p>\n","protected":false},"author":2,"featured_media":14739,"parent":16100,"menu_order":0,"comment_status":"closed","ping_status":"closed","template":"","meta":{"footnotes":""},"class_list":["post-16547","page","type-page","status-publish","has-post-thumbnail","hentry"],"yoast_head":"<!-- This site is optimized with the Yoast SEO Premium plugin v24.0 (Yoast SEO v24.0) - https:\/\/yoast.com\/wordpress\/plugins\/seo\/ -->\n<title>Barrierefreiheitserkl\u00e4rung - antegma<\/title>\n<meta name=\"description\" content=\"Stand: 01.0.1.2025Die antegma GmbH ist bestrebt, ihre Website www.antegma.com barrierefrei zu gestalten. Als Beratungsunternehmen f\u00fcr Digitale\" \/>\n<meta name=\"robots\" content=\"index, follow, max-snippet:-1, max-image-preview:large, max-video-preview:-1\" \/>\n<link rel=\"canonical\" href=\"https:\/\/www.antegma.com\/de\/legal\/accessibility-statement\/\" \/>\n<meta property=\"og:locale\" content=\"de_DE\" \/>\n<meta property=\"og:type\" content=\"article\" \/>\n<meta property=\"og:title\" content=\"Barrierefreiheitserkl\u00e4rung\" \/>\n<meta property=\"og:description\" content=\"Stand: 01.0.1.2025Die antegma GmbH ist bestrebt, ihre Website www.antegma.com barrierefrei zu gestalten. Als Beratungsunternehmen f\u00fcr Digitale\" \/>\n<meta property=\"og:url\" content=\"https:\/\/www.antegma.com\/de\/legal\/accessibility-statement\/\" \/>\n<meta property=\"og:site_name\" content=\"antegma\" \/>\n<meta property=\"article:publisher\" content=\"https:\/\/www.facebook.com\/antegma\" \/>\n<meta property=\"article:modified_time\" content=\"2026-01-05T22:15:03+00:00\" \/>\n<meta property=\"og:image\" content=\"https:\/\/www.antegma.com\/wp-content\/uploads\/2024\/11\/AdobeStock_338456088-scaled-pink-scaled.jpg\" \/>\n\t<meta property=\"og:image:width\" content=\"2560\" \/>\n\t<meta property=\"og:image:height\" content=\"1120\" \/>\n\t<meta property=\"og:image:type\" content=\"image\/jpeg\" \/>\n<meta name=\"twitter:card\" content=\"summary_large_image\" \/>\n<meta name=\"twitter:site\" content=\"@antegma\" \/>\n<meta name=\"twitter:label1\" content=\"Gesch\u00e4tzte Lesezeit\" \/>\n\t<meta name=\"twitter:data1\" content=\"1\u00a0Minute\" \/>\n<script type=\"application\/ld+json\" class=\"yoast-schema-graph\">{\"@context\":\"https:\/\/schema.org\",\"@graph\":[{\"@type\":\"WebPage\",\"@id\":\"https:\/\/www.antegma.com\/de\/legal\/accessibility-statement\/\",\"url\":\"https:\/\/www.antegma.com\/de\/legal\/accessibility-statement\/\",\"name\":\"Barrierefreiheitserkl\u00e4rung - antegma\",\"isPartOf\":{\"@id\":\"https:\/\/www.antegma.com\/de\/#website\"},\"primaryImageOfPage\":{\"@id\":\"https:\/\/www.antegma.com\/de\/legal\/accessibility-statement\/#primaryimage\"},\"image\":{\"@id\":\"https:\/\/www.antegma.com\/de\/legal\/accessibility-statement\/#primaryimage\"},\"thumbnailUrl\":\"https:\/\/www.antegma.com\/wp-content\/uploads\/2024\/11\/AdobeStock_338456088-scaled-pink-scaled.jpg\",\"datePublished\":\"2026-01-05T22:15:02+00:00\",\"dateModified\":\"2026-01-05T22:15:03+00:00\",\"description\":\"Stand: 01.0.1.2025Die antegma GmbH ist bestrebt, ihre Website www.antegma.com barrierefrei zu gestalten. Als Beratungsunternehmen f\u00fcr Digitale\",\"breadcrumb\":{\"@id\":\"https:\/\/www.antegma.com\/de\/legal\/accessibility-statement\/#breadcrumb\"},\"inLanguage\":\"de\",\"potentialAction\":[{\"@type\":\"ReadAction\",\"target\":[\"https:\/\/www.antegma.com\/de\/legal\/accessibility-statement\/\"]}]},{\"@type\":\"ImageObject\",\"inLanguage\":\"de\",\"@id\":\"https:\/\/www.antegma.com\/de\/legal\/accessibility-statement\/#primaryimage\",\"url\":\"https:\/\/www.antegma.com\/wp-content\/uploads\/2024\/11\/AdobeStock_338456088-scaled-pink-scaled.jpg\",\"contentUrl\":\"https:\/\/www.antegma.com\/wp-content\/uploads\/2024\/11\/AdobeStock_338456088-scaled-pink-scaled.jpg\",\"width\":2560,\"height\":1120,\"caption\":\"Abstract modern turquoise triangle background, 3d rendering\"},{\"@type\":\"BreadcrumbList\",\"@id\":\"https:\/\/www.antegma.com\/de\/legal\/accessibility-statement\/#breadcrumb\",\"itemListElement\":[{\"@type\":\"ListItem\",\"position\":1,\"name\":\"Startseite\",\"item\":\"https:\/\/www.antegma.com\/de\/\"},{\"@type\":\"ListItem\",\"position\":2,\"name\":\"Rechtliche Informationen\",\"item\":\"https:\/\/www.antegma.com\/de\/legal\/\"},{\"@type\":\"ListItem\",\"position\":3,\"name\":\"Barrierefreiheitserkl\u00e4rung\"}]},{\"@type\":\"WebSite\",\"@id\":\"https:\/\/www.antegma.com\/de\/#website\",\"url\":\"https:\/\/www.antegma.com\/de\/\",\"name\":\"antegma\",\"description\":\"Ihr Partner f\u00fcr die Digitale Transformation\",\"publisher\":{\"@id\":\"https:\/\/www.antegma.com\/de\/#organization\"},\"potentialAction\":[{\"@type\":\"SearchAction\",\"target\":{\"@type\":\"EntryPoint\",\"urlTemplate\":\"https:\/\/www.antegma.com\/de\/?s={search_term_string}\"},\"query-input\":{\"@type\":\"PropertyValueSpecification\",\"valueRequired\":true,\"valueName\":\"search_term_string\"}}],\"inLanguage\":\"de\"},{\"@type\":\"Organization\",\"@id\":\"https:\/\/www.antegma.com\/de\/#organization\",\"name\":\"antegma GmbH\",\"alternateName\":\"antegma\",\"url\":\"https:\/\/www.antegma.com\/de\/\",\"logo\":{\"@type\":\"ImageObject\",\"inLanguage\":\"de\",\"@id\":\"https:\/\/www.antegma.com\/de\/#\/schema\/logo\/image\/\",\"url\":\"https:\/\/www.antegma.com\/wp-content\/uploads\/2024\/11\/antegma-logo-white-quadratisch.png\",\"contentUrl\":\"https:\/\/www.antegma.com\/wp-content\/uploads\/2024\/11\/antegma-logo-white-quadratisch.png\",\"width\":300,\"height\":300,\"caption\":\"antegma GmbH\"},\"image\":{\"@id\":\"https:\/\/www.antegma.com\/de\/#\/schema\/logo\/image\/\"},\"sameAs\":[\"https:\/\/www.facebook.com\/antegma\",\"https:\/\/x.com\/antegma\",\"https:\/\/www.instagram.com\/antegma\",\"https:\/\/www.linkedin.com\/company\/antegma-gmbh\",\"https:\/\/www.youtube.com\/@antegma\"],\"description\":\"antegma is specializing in digital transformation consulting and implementation. Based in Germany with offices in Munich and St. Georgen, we help enterprises optimize their content supply chain, work management, digital marketing, digital experience, e-commerce, data & AI, and system integrations. We are partners of Adobe, Canto, Hootsuite, Microsoft, Monday.com.\",\"email\":\"info@antegma.com\",\"telephone\":\"+49 89 55270890\",\"numberOfEmployees\":{\"@type\":\"QuantitativeValue\",\"minValue\":\"11\",\"maxValue\":\"50\"}}]}<\/script>\n<!-- \/ Yoast SEO Premium plugin. -->","yoast_head_json":{"title":"Barrierefreiheitserkl\u00e4rung - antegma","description":"Stand: 01.0.1.2025Die antegma GmbH ist bestrebt, ihre Website www.antegma.com barrierefrei zu gestalten. Als Beratungsunternehmen f\u00fcr Digitale","robots":{"index":"index","follow":"follow","max-snippet":"max-snippet:-1","max-image-preview":"max-image-preview:large","max-video-preview":"max-video-preview:-1"},"canonical":"https:\/\/www.antegma.com\/de\/legal\/accessibility-statement\/","og_locale":"de_DE","og_type":"article","og_title":"Barrierefreiheitserkl\u00e4rung","og_description":"Stand: 01.0.1.2025Die antegma GmbH ist bestrebt, ihre Website www.antegma.com barrierefrei zu gestalten. Als Beratungsunternehmen f\u00fcr Digitale","og_url":"https:\/\/www.antegma.com\/de\/legal\/accessibility-statement\/","og_site_name":"antegma","article_publisher":"https:\/\/www.facebook.com\/antegma","article_modified_time":"2026-01-05T22:15:03+00:00","og_image":[{"width":2560,"height":1120,"url":"https:\/\/www.antegma.com\/wp-content\/uploads\/2024\/11\/AdobeStock_338456088-scaled-pink-scaled.jpg","type":"image\/jpeg"}],"twitter_card":"summary_large_image","twitter_site":"@antegma","twitter_misc":{"Gesch\u00e4tzte Lesezeit":"1\u00a0Minute"},"schema":{"@context":"https:\/\/schema.org","@graph":[{"@type":"WebPage","@id":"https:\/\/www.antegma.com\/de\/legal\/accessibility-statement\/","url":"https:\/\/www.antegma.com\/de\/legal\/accessibility-statement\/","name":"Barrierefreiheitserkl\u00e4rung - antegma","isPartOf":{"@id":"https:\/\/www.antegma.com\/de\/#website"},"primaryImageOfPage":{"@id":"https:\/\/www.antegma.com\/de\/legal\/accessibility-statement\/#primaryimage"},"image":{"@id":"https:\/\/www.antegma.com\/de\/legal\/accessibility-statement\/#primaryimage"},"thumbnailUrl":"https:\/\/www.antegma.com\/wp-content\/uploads\/2024\/11\/AdobeStock_338456088-scaled-pink-scaled.jpg","datePublished":"2026-01-05T22:15:02+00:00","dateModified":"2026-01-05T22:15:03+00:00","description":"Stand: 01.0.1.2025Die antegma GmbH ist bestrebt, ihre Website www.antegma.com barrierefrei zu gestalten. Als Beratungsunternehmen f\u00fcr Digitale","breadcrumb":{"@id":"https:\/\/www.antegma.com\/de\/legal\/accessibility-statement\/#breadcrumb"},"inLanguage":"de","potentialAction":[{"@type":"ReadAction","target":["https:\/\/www.antegma.com\/de\/legal\/accessibility-statement\/"]}]},{"@type":"ImageObject","inLanguage":"de","@id":"https:\/\/www.antegma.com\/de\/legal\/accessibility-statement\/#primaryimage","url":"https:\/\/www.antegma.com\/wp-content\/uploads\/2024\/11\/AdobeStock_338456088-scaled-pink-scaled.jpg","contentUrl":"https:\/\/www.antegma.com\/wp-content\/uploads\/2024\/11\/AdobeStock_338456088-scaled-pink-scaled.jpg","width":2560,"height":1120,"caption":"Abstract modern turquoise triangle background, 3d rendering"},{"@type":"BreadcrumbList","@id":"https:\/\/www.antegma.com\/de\/legal\/accessibility-statement\/#breadcrumb","itemListElement":[{"@type":"ListItem","position":1,"name":"Startseite","item":"https:\/\/www.antegma.com\/de\/"},{"@type":"ListItem","position":2,"name":"Rechtliche Informationen","item":"https:\/\/www.antegma.com\/de\/legal\/"},{"@type":"ListItem","position":3,"name":"Barrierefreiheitserkl\u00e4rung"}]},{"@type":"WebSite","@id":"https:\/\/www.antegma.com\/de\/#website","url":"https:\/\/www.antegma.com\/de\/","name":"antegma","description":"Ihr Partner f\u00fcr die Digitale Transformation","publisher":{"@id":"https:\/\/www.antegma.com\/de\/#organization"},"potentialAction":[{"@type":"SearchAction","target":{"@type":"EntryPoint","urlTemplate":"https:\/\/www.antegma.com\/de\/?s={search_term_string}"},"query-input":{"@type":"PropertyValueSpecification","valueRequired":true,"valueName":"search_term_string"}}],"inLanguage":"de"},{"@type":"Organization","@id":"https:\/\/www.antegma.com\/de\/#organization","name":"antegma GmbH","alternateName":"antegma","url":"https:\/\/www.antegma.com\/de\/","logo":{"@type":"ImageObject","inLanguage":"de","@id":"https:\/\/www.antegma.com\/de\/#\/schema\/logo\/image\/","url":"https:\/\/www.antegma.com\/wp-content\/uploads\/2024\/11\/antegma-logo-white-quadratisch.png","contentUrl":"https:\/\/www.antegma.com\/wp-content\/uploads\/2024\/11\/antegma-logo-white-quadratisch.png","width":300,"height":300,"caption":"antegma GmbH"},"image":{"@id":"https:\/\/www.antegma.com\/de\/#\/schema\/logo\/image\/"},"sameAs":["https:\/\/www.facebook.com\/antegma","https:\/\/x.com\/antegma","https:\/\/www.instagram.com\/antegma","https:\/\/www.linkedin.com\/company\/antegma-gmbh","https:\/\/www.youtube.com\/@antegma"],"description":"antegma is specializing in digital transformation consulting and implementation. Based in Germany with offices in Munich and St. Georgen, we help enterprises optimize their content supply chain, work management, digital marketing, digital experience, e-commerce, data & AI, and system integrations. We are partners of Adobe, Canto, Hootsuite, Microsoft, Monday.com.","email":"info@antegma.com","telephone":"+49 89 55270890","numberOfEmployees":{"@type":"QuantitativeValue","minValue":"11","maxValue":"50"}}]}},"_links":{"self":[{"href":"https:\/\/www.antegma.com\/de\/wp-json\/wp\/v2\/pages\/16547","targetHints":{"allow":["GET"]}}],"collection":[{"href":"https:\/\/www.antegma.com\/de\/wp-json\/wp\/v2\/pages"}],"about":[{"href":"https:\/\/www.antegma.com\/de\/wp-json\/wp\/v2\/types\/page"}],"author":[{"embeddable":true,"href":"https:\/\/www.antegma.com\/de\/wp-json\/wp\/v2\/users\/2"}],"replies":[{"embeddable":true,"href":"https:\/\/www.antegma.com\/de\/wp-json\/wp\/v2\/comments?post=16547"}],"version-history":[{"count":7,"href":"https:\/\/www.antegma.com\/de\/wp-json\/wp\/v2\/pages\/16547\/revisions"}],"predecessor-version":[{"id":16554,"href":"https:\/\/www.antegma.com\/de\/wp-json\/wp\/v2\/pages\/16547\/revisions\/16554"}],"up":[{"embeddable":true,"href":"https:\/\/www.antegma.com\/de\/wp-json\/wp\/v2\/pages\/16100"}],"wp:featuredmedia":[{"embeddable":true,"href":"https:\/\/www.antegma.com\/de\/wp-json\/wp\/v2\/media\/14739"}],"wp:attachment":[{"href":"https:\/\/www.antegma.com\/de\/wp-json\/wp\/v2\/media?parent=16547"}],"curies":[{"name":"wp","href":"https:\/\/api.w.org\/{rel}","templated":true}]}}