{"id":3466,"date":"2019-01-08T10:28:57","date_gmt":"2019-01-08T09:28:57","guid":{"rendered":"https:\/\/www.antegma.com\/?page_id=3466"},"modified":"2021-04-25T18:11:15","modified_gmt":"2021-04-25T16:11:15","slug":"produkt-services","status":"publish","type":"page","link":"https:\/\/www.antegma.com\/de\/products\/produkt-services\/","title":{"rendered":"Produkt Services"},"content":{"rendered":"<p>[vc_row css=&#8220;.vc_custom_1547212311248{padding-top: 25em !important;padding-bottom: 15em !important;background-image: url(https:\/\/www.antegma.com\/wp-content\/uploads\/2019\/01\/AdobeStock_141375321_komprimiert.jpg?id=3572) !important;}&#8220;][vc_column][\/vc_column][\/vc_row][vc_row][vc_column][kwoon_section_title]Wir lassen Sie nicht im Stich![\/kwoon_section_title][vc_column_text]<\/p>\n<p style=\"text-align: center;\">Angefangen bei der kundenspezifischen Produkt-Implementierung und Anpassung bis zur regelm\u00e4\u00dfigen Wartung und Entwicklung leisten wir voll umf\u00e4nglichen Produkt-Service und nehmen uns Ihrer Probleme an.<\/p>\n<p>[\/vc_column_text][\/vc_column][\/vc_row][vc_row kwoon_bg=&#8220;inverse&#8220;][vc_column width=&#8220;1\/3&#8243;][kwoon_icon_block icon=&#8220;budicon-comment&#8220; color=&#8220;rgba(147,147,147,0.01)&#8220;]<\/p>\n<hr>\n<p style=\"text-align: center;\"><strong>Beratung<\/strong><\/p>\n<p style=\"text-align: center;\">Als Dienstleister f\u00fcr Digitalisierung verkaufen wir selbstverst\u00e4ndlich nicht nur Produkte, sondern f\u00fchren Sie mit einer kompetenten Beratung zu Ihren Zielen. Als Branchen-Kenner lassen wir dabei aktuelles Know-How einflie\u00dfen, um Sie au die schnellen \u00c4nderungen&nbsp; des Marktes vorzubereiten.<\/p>\n<p>[\/kwoon_icon_block][\/vc_column][vc_column width=&#8220;1\/3&#8243;][kwoon_icon_block icon=&#8220;budicon-code&#8220; color=&#8220;rgba(147,147,147,0.01)&#8220;]<\/p>\n<hr>\n<p style=\"text-align: center;\"><strong>Implementierung<br \/>\n<\/strong><\/p>\n<p style=\"text-align: center;\">Haben Sie sich erst f\u00fcr ein- oder mehrere Produkte der accallio Familie entschieden, stehen wir Ihnen bei der Implementierung mit Rat und Tat zur Seite. Dabei achten wir selbstverst\u00e4ndlich auf von Ihnen festgelegte Vorgaben und Kriterien und passen das Produkt nach Ihren W\u00fcnschen an.<\/p>\n<p>[\/kwoon_icon_block][\/vc_column][vc_column width=&#8220;1\/3&#8243;][kwoon_icon_block icon=&#8220;budicon-telephone&#8220; color=&#8220;rgba(147,147,147,0.01)&#8220;]<\/p>\n<hr>\n<p style=\"text-align: center;\"><strong>Support<br \/>\n<\/strong><\/p>\n<p style=\"text-align: center;\">Damit etwaige Probleme gar nicht erst aufkommen, bieten wir Ihnen f\u00fcr alle accallio Produkte&nbsp; regelm\u00e4\u00dfige Wartungen an.&nbsp;Sollte es trotz dieser Vorsichts-<br \/>\nma\u00dfnahmen zu systemischen Fehlern kommen, nehmen wir uns Ihrer Probleme an und l\u00f6sen diese zeitnah zu Ihrer Zufriedenheit.<\/p>\n<p>[\/kwoon_icon_block][\/vc_column][\/vc_row][vc_row][vc_column width=&#8220;2\/3&#8243;][vc_column_text]<\/p>\n<h3>Beratung<\/h3>\n<ul>\n<li>Analyse von Problem- und Aufgabenstellungen<\/li>\n<li>Analyse und Definition von fachlichen und technischen Anfordungen an die L\u00f6sungen<\/li>\n<li>fachliche und technische Beratung \u00fcber die M\u00f6glichenkeiten unserer Produkte<\/li>\n<\/ul>\n<p>[\/vc_column_text][\/vc_column][vc_column width=&#8220;1\/3&#8243;][vc_single_image image=&#8220;3574&#8243; img_size=&#8220;medium&#8220; onclick=&#8220;custom_link&#8220; link=&#8220;http:\/\/www.antegma.com\/de\/products\/accallio\/ca\/&#8220;][\/vc_column][\/vc_row][vc_row][vc_column width=&#8220;1\/3&#8243;][vc_single_image image=&#8220;3584&#8243; img_size=&#8220;medium&#8220; onclick=&#8220;custom_link&#8220; link=&#8220;http:\/\/www.antegma.com\/de\/products\/accallio\/ca\/&#8220;][\/vc_column][vc_column width=&#8220;2\/3&#8243;][vc_column_text]<\/p>\n<h3>Implementierung<\/h3>\n<ul>\n<li>Konfiguration unserer Produkte in ihrem Unternehmen oder&nbsp;Organisation<\/li>\n<li>Technische Umsetzung&nbsp;von fachlichen Anforderungen<\/li>\n<li>Nutzung von agilen Entwicklungsmethoden<\/li>\n<li>Durchf\u00fchrung von Qualit\u00e4ts- und Testma\u00dfnahmen zur Sicherung der Erreichung ihrer Projektziele<\/li>\n<\/ul>\n<p>[\/vc_column_text][\/vc_column][\/vc_row][vc_row][vc_column width=&#8220;2\/3&#8243;][vc_column_text]<\/p>\n<h3>Support<\/h3>\n<ul>\n<li>regelm\u00e4\u00dfige Produktupdates zur Unterst\u00fctzung von aktuellen Softwareversionen<\/li>\n<li>Bereitstellung von Hotfixes zur Behebung von Problemen<\/li>\n<li>systemgesch\u00fctztes Issue Management \u00fcber Help Desk und Tickets<\/li>\n<\/ul>\n<p>[\/vc_column_text][\/vc_column][vc_column width=&#8220;1\/3&#8243;][vc_single_image image=&#8220;3578&#8243; img_size=&#8220;medium&#8220; onclick=&#8220;custom_link&#8220; link=&#8220;http:\/\/www.antegma.com\/de\/products\/accallio\/ca\/&#8220;][\/vc_column][\/vc_row][vc_row kwoon_bg=&#8220;inverse&#8220;][vc_column width=&#8220;1\/4&#8243;][vc_single_image image=&#8220;3157&#8243; onclick=&#8220;custom_link&#8220; link=&#8220;http:\/\/www.antegma.com\/de\/products\/accallio\/ca\/&#8220;][\/vc_column][vc_column width=&#8220;3\/4&#8243;][vc_column_text]<\/p>\n<h3>antegma accallio CA<\/h3>\n<p>Integrieren Sie IBM Connections in Ihren Adobe Experience Manger und b\u00fcndeln Sie die St\u00e4rken beider Systeme auf einer Plattform.[\/vc_column_text][vc_btn title=&#8220;mehr \u00fcber antegma accallio CA&#8220; style=&#8220;classic&#8220; color=&#8220;primary&#8220; link=&#8220;url:http%3A%2F%2Fwww.antegma.com%2Fde%2Fproducts%2Faccallio%2Fca%2F|||&#8220;][\/vc_column][\/vc_row][vc_row css=&#8220;.vc_custom_1548840935777{padding-top: 10em !important;padding-bottom: 10em !important;background-image: url(https:\/\/www.antegma.com\/wp-content\/uploads\/2019\/01\/AdobeStock_19749682719954f62235844decece37e48ba5c20aa305edd64894be873c8c28fb8ce70bff-e1548840818518.jpg?id=3492) !important;}&#8220;][vc_column][\/vc_column][\/vc_row][vc_row kwoon_bg=&#8220;inverse&#8220;][vc_column width=&#8220;2\/3&#8243;][vc_column_text]<\/p>\n<h3><strong>antegma accallio STS<\/strong><\/h3>\n<p>Integrieren Sie die Security Token Service L\u00f6sungen der Hersteller IBM oder Microsoft in Ihrem System. Profitieren Sie auch von den antegma STS-Servern.[\/vc_column_text][vc_btn title=&#8220;mehr \u00fcber antegma accallio STS&#8220; style=&#8220;classic&#8220; color=&#8220;primary&#8220; link=&#8220;url:http%3A%2F%2Fwww.antegma.com%2Fde%2Fproducts%2Faccallio%2Fsts%2F|||&#8220;][\/vc_column][vc_column width=&#8220;1\/3&#8243;][vc_single_image image=&#8220;3102&#8243; style=&#8220;vc_box_rounded&#8220; onclick=&#8220;custom_link&#8220; link=&#8220;http:\/\/www.antegma.com\/de\/products\/accallio\/sts\/&#8220;][\/vc_column][\/vc_row][vc_row][vc_column width=&#8220;1\/4&#8243; css=&#8220;.vc_custom_1518858211367{padding-top: 13px !important;}&#8220; offset=&#8220;vc_col-md-3 vc_col-xs-3&#8243;][vc_single_image image=&#8220;3167&#8243; style=&#8220;vc_box_rounded&#8220; onclick=&#8220;custom_link&#8220; link=&#8220;http:\/\/www.antegma.com\/de\/accallio\/&#8220;][\/vc_column][vc_column width=&#8220;3\/4&#8243;][vc_column_text]<\/p>\n<h3><strong>Synergieeffekte<\/strong><\/h3>\n<p>Profitieren Sie von einem individuell zusammengestellten Software-Bundle, das zu Ihrer Firma und Ihren Ressourcen passt. accallio ist die ma\u00dfgeschneiderte L\u00f6sung die all Ihre Software in einem System zusammenf\u00fchrt um Synergieeffekte auszunutzen.[\/vc_column_text][vc_btn title=&#8220;mehr \u00fcber die accallio Produktfamilie&#8220; color=&#8220;primary&#8220; link=&#8220;url:http%3A%2F%2Fwww.antegma.com%2Fde%2Faccallio%2F|||&#8220;][\/vc_column][\/vc_row][vc_row kwoon_bg=&#8220;inverse&#8220; parallax=&#8220;&#8220; parallax_image=&#8220;&#8220; css=&#8220;.vc_custom_1546939198410{background-image: url(https:\/\/www.antegma.com\/wp-content\/uploads\/2015\/07\/AdobeStock_69329003_darked-e1437411479494.jpg?id=1310) !important;}&#8220;][vc_column][kwoon_section_title]Haben wir Ihr <strong>Interesse<\/strong> geweckt?[\/kwoon_section_title][vc_column_text]<\/p>\n<p style=\"text-align: center;\"><a class=\"btn btn-border\" href=\"https:\/\/www.antegma.com\/de\/contact\/\">Kontaktieren Sie uns<\/a><\/p>\n<p>[\/vc_column_text][\/vc_column][\/vc_row]<\/p>\n","protected":false},"excerpt":{"rendered":"<p>[vc_row css=&#8220;.vc_custom_1547212311248{padding-top: 25em !important;padding-bottom: 15em !important;background-image: url(https:\/\/www.antegma.com\/wp-content\/uploads\/2019\/01\/AdobeStock_141375321_komprimiert.jpg?id=3572) !important;}&#8220;][vc_column][\/vc_column][\/vc_row][vc_row][vc_column][kwoon_section_title]Wir lassen Sie nicht im Stich![\/kwoon_section_title][vc_column_text] Angefangen bei der kundenspezifischen Produkt-Implementierung und Anpassung bis zur regelm\u00e4\u00dfigen Wartung und Entwicklung leisten wir voll umf\u00e4nglichen Produkt-Service und nehmen uns Ihrer Probleme an. [\/vc_column_text][\/vc_column][\/vc_row][vc_row kwoon_bg=&#8220;inverse&#8220;][vc_column width=&#8220;1\/3&#8243;][kwoon_icon_block icon=&#8220;budicon-comment&#8220; color=&#8220;rgba(147,147,147,0.01)&#8220;] Beratung Als Dienstleister f\u00fcr Digitalisierung verkaufen wir selbstverst\u00e4ndlich nicht nur Produkte, sondern f\u00fchren [&hellip;]<\/p>\n","protected":false},"author":5,"featured_media":0,"parent":3054,"menu_order":0,"comment_status":"closed","ping_status":"closed","template":"","meta":{"footnotes":""},"class_list":["post-3466","page","type-page","status-publish","hentry"],"yoast_head":"<!-- This site is optimized with the Yoast SEO Premium plugin v27.4 (Yoast SEO v27.4) - https:\/\/yoast.com\/product\/yoast-seo-premium-wordpress\/ -->\n<title>Produkt Services | antegma<\/title>\n<meta name=\"description\" content=\"Wir lassen Sie nicht im Stich! Angefangen bei der kundenspezifischen Produkt-Implementierung und Anpassung bis zur regelm\u00e4\u00dfigen Wartung und Entwicklung\" \/>\n<meta name=\"robots\" content=\"index, follow, max-snippet:-1, max-image-preview:large, max-video-preview:-1\" \/>\n<link rel=\"canonical\" href=\"https:\/\/www.antegma.com\/de\/products\/produkt-services\/\" \/>\n<meta property=\"og:locale\" content=\"de_DE\" \/>\n<meta property=\"og:type\" content=\"article\" \/>\n<meta property=\"og:title\" content=\"Produkt Services\" \/>\n<meta property=\"og:description\" content=\"Wir lassen Sie nicht im Stich! Angefangen bei der kundenspezifischen Produkt-Implementierung und Anpassung bis zur regelm\u00e4\u00dfigen Wartung und Entwicklung\" \/>\n<meta property=\"og:url\" content=\"https:\/\/www.antegma.com\/de\/products\/produkt-services\/\" \/>\n<meta property=\"og:site_name\" content=\"antegma\" \/>\n<meta property=\"article:publisher\" content=\"https:\/\/www.facebook.com\/antegma\" \/>\n<meta property=\"article:modified_time\" content=\"2021-04-25T16:11:15+00:00\" \/>\n<meta name=\"twitter:card\" content=\"summary_large_image\" \/>\n<meta name=\"twitter:site\" content=\"@antegma\" \/>\n<meta name=\"twitter:label1\" content=\"Gesch\u00e4tzte Lesezeit\" \/>\n\t<meta name=\"twitter:data1\" content=\"2\u00a0Minuten\" \/>\n<script type=\"application\/ld+json\" class=\"yoast-schema-graph\">{\"@context\":\"https:\\\/\\\/schema.org\",\"@graph\":[{\"@type\":\"WebPage\",\"@id\":\"https:\\\/\\\/www.antegma.com\\\/de\\\/products\\\/produkt-services\\\/\",\"url\":\"https:\\\/\\\/www.antegma.com\\\/de\\\/products\\\/produkt-services\\\/\",\"name\":\"Produkt Services | antegma\",\"isPartOf\":{\"@id\":\"https:\\\/\\\/www.antegma.com\\\/de\\\/#website\"},\"datePublished\":\"2019-01-08T09:28:57+00:00\",\"dateModified\":\"2021-04-25T16:11:15+00:00\",\"description\":\"Wir lassen Sie nicht im Stich! Angefangen bei der kundenspezifischen Produkt-Implementierung und Anpassung bis zur regelm\u00e4\u00dfigen Wartung und Entwicklung\",\"breadcrumb\":{\"@id\":\"https:\\\/\\\/www.antegma.com\\\/de\\\/products\\\/produkt-services\\\/#breadcrumb\"},\"inLanguage\":\"de\",\"potentialAction\":[{\"@type\":\"ReadAction\",\"target\":[\"https:\\\/\\\/www.antegma.com\\\/de\\\/products\\\/produkt-services\\\/\"]}]},{\"@type\":\"BreadcrumbList\",\"@id\":\"https:\\\/\\\/www.antegma.com\\\/de\\\/products\\\/produkt-services\\\/#breadcrumb\",\"itemListElement\":[{\"@type\":\"ListItem\",\"position\":1,\"name\":\"Startseite\",\"item\":\"https:\\\/\\\/www.antegma.com\\\/de\\\/\"},{\"@type\":\"ListItem\",\"position\":2,\"name\":\"Produkte\",\"item\":\"https:\\\/\\\/www.antegma.com\\\/de\\\/products\\\/\"},{\"@type\":\"ListItem\",\"position\":3,\"name\":\"Produkt Services\"}]},{\"@type\":\"WebSite\",\"@id\":\"https:\\\/\\\/www.antegma.com\\\/de\\\/#website\",\"url\":\"https:\\\/\\\/www.antegma.com\\\/de\\\/\",\"name\":\"antegma\",\"description\":\"Ihr Partner f\u00fcr die Digitale Transformation\",\"publisher\":{\"@id\":\"https:\\\/\\\/www.antegma.com\\\/de\\\/#organization\"},\"potentialAction\":[{\"@type\":\"SearchAction\",\"target\":{\"@type\":\"EntryPoint\",\"urlTemplate\":\"https:\\\/\\\/www.antegma.com\\\/de\\\/?s={search_term_string}\"},\"query-input\":{\"@type\":\"PropertyValueSpecification\",\"valueRequired\":true,\"valueName\":\"search_term_string\"}}],\"inLanguage\":\"de\"},{\"@type\":\"Organization\",\"@id\":\"https:\\\/\\\/www.antegma.com\\\/de\\\/#organization\",\"name\":\"antegma GmbH\",\"alternateName\":\"antegma\",\"url\":\"https:\\\/\\\/www.antegma.com\\\/de\\\/\",\"logo\":{\"@type\":\"ImageObject\",\"inLanguage\":\"de\",\"@id\":\"https:\\\/\\\/www.antegma.com\\\/de\\\/#\\\/schema\\\/logo\\\/image\\\/\",\"url\":\"https:\\\/\\\/www.antegma.com\\\/wp-content\\\/uploads\\\/2024\\\/11\\\/antegma-logo-white-quadratisch.png\",\"contentUrl\":\"https:\\\/\\\/www.antegma.com\\\/wp-content\\\/uploads\\\/2024\\\/11\\\/antegma-logo-white-quadratisch.png\",\"width\":300,\"height\":300,\"caption\":\"antegma GmbH\"},\"image\":{\"@id\":\"https:\\\/\\\/www.antegma.com\\\/de\\\/#\\\/schema\\\/logo\\\/image\\\/\"},\"sameAs\":[\"https:\\\/\\\/www.facebook.com\\\/antegma\",\"https:\\\/\\\/x.com\\\/antegma\",\"https:\\\/\\\/www.instagram.com\\\/antegma\",\"https:\\\/\\\/www.linkedin.com\\\/company\\\/antegma-gmbh\",\"https:\\\/\\\/www.youtube.com\\\/@antegma\",\"https:\\\/\\\/solutionpartners.adobe.com\\\/s\\\/directory\\\/detail\\\/antegma\",\"https:\\\/\\\/exchange.adobe.com\\\/publisher\\\/ec\\\/2a398941-2c20-49ef-bf6e-b35e902cad15\\\/antegma-gmbh\"],\"description\":\"antegma is specializing in digital transformation consulting and implementation. Based in Germany with offices in Munich and St. Georgen, we help enterprises optimize their content supply chain, work management, digital marketing, digital experience, e-commerce, data & AI, and system integrations. We are partners of Adobe, Canto, Hootsuite, Microsoft, Monday.com.\",\"email\":\"info@antegma.com\",\"telephone\":\"+49 89 55270890\",\"numberOfEmployees\":{\"@type\":\"QuantitativeValue\",\"minValue\":\"11\",\"maxValue\":\"50\"}}]}<\/script>\n<!-- \/ Yoast SEO Premium plugin. -->","yoast_head_json":{"title":"Produkt Services | antegma","description":"Wir lassen Sie nicht im Stich! Angefangen bei der kundenspezifischen Produkt-Implementierung und Anpassung bis zur regelm\u00e4\u00dfigen Wartung und Entwicklung","robots":{"index":"index","follow":"follow","max-snippet":"max-snippet:-1","max-image-preview":"max-image-preview:large","max-video-preview":"max-video-preview:-1"},"canonical":"https:\/\/www.antegma.com\/de\/products\/produkt-services\/","og_locale":"de_DE","og_type":"article","og_title":"Produkt Services","og_description":"Wir lassen Sie nicht im Stich! Angefangen bei der kundenspezifischen Produkt-Implementierung und Anpassung bis zur regelm\u00e4\u00dfigen Wartung und Entwicklung","og_url":"https:\/\/www.antegma.com\/de\/products\/produkt-services\/","og_site_name":"antegma","article_publisher":"https:\/\/www.facebook.com\/antegma","article_modified_time":"2021-04-25T16:11:15+00:00","twitter_card":"summary_large_image","twitter_site":"@antegma","twitter_misc":{"Gesch\u00e4tzte Lesezeit":"2\u00a0Minuten"},"schema":{"@context":"https:\/\/schema.org","@graph":[{"@type":"WebPage","@id":"https:\/\/www.antegma.com\/de\/products\/produkt-services\/","url":"https:\/\/www.antegma.com\/de\/products\/produkt-services\/","name":"Produkt Services | antegma","isPartOf":{"@id":"https:\/\/www.antegma.com\/de\/#website"},"datePublished":"2019-01-08T09:28:57+00:00","dateModified":"2021-04-25T16:11:15+00:00","description":"Wir lassen Sie nicht im Stich! Angefangen bei der kundenspezifischen Produkt-Implementierung und Anpassung bis zur regelm\u00e4\u00dfigen Wartung und Entwicklung","breadcrumb":{"@id":"https:\/\/www.antegma.com\/de\/products\/produkt-services\/#breadcrumb"},"inLanguage":"de","potentialAction":[{"@type":"ReadAction","target":["https:\/\/www.antegma.com\/de\/products\/produkt-services\/"]}]},{"@type":"BreadcrumbList","@id":"https:\/\/www.antegma.com\/de\/products\/produkt-services\/#breadcrumb","itemListElement":[{"@type":"ListItem","position":1,"name":"Startseite","item":"https:\/\/www.antegma.com\/de\/"},{"@type":"ListItem","position":2,"name":"Produkte","item":"https:\/\/www.antegma.com\/de\/products\/"},{"@type":"ListItem","position":3,"name":"Produkt Services"}]},{"@type":"WebSite","@id":"https:\/\/www.antegma.com\/de\/#website","url":"https:\/\/www.antegma.com\/de\/","name":"antegma","description":"Ihr Partner f\u00fcr die Digitale Transformation","publisher":{"@id":"https:\/\/www.antegma.com\/de\/#organization"},"potentialAction":[{"@type":"SearchAction","target":{"@type":"EntryPoint","urlTemplate":"https:\/\/www.antegma.com\/de\/?s={search_term_string}"},"query-input":{"@type":"PropertyValueSpecification","valueRequired":true,"valueName":"search_term_string"}}],"inLanguage":"de"},{"@type":"Organization","@id":"https:\/\/www.antegma.com\/de\/#organization","name":"antegma GmbH","alternateName":"antegma","url":"https:\/\/www.antegma.com\/de\/","logo":{"@type":"ImageObject","inLanguage":"de","@id":"https:\/\/www.antegma.com\/de\/#\/schema\/logo\/image\/","url":"https:\/\/www.antegma.com\/wp-content\/uploads\/2024\/11\/antegma-logo-white-quadratisch.png","contentUrl":"https:\/\/www.antegma.com\/wp-content\/uploads\/2024\/11\/antegma-logo-white-quadratisch.png","width":300,"height":300,"caption":"antegma GmbH"},"image":{"@id":"https:\/\/www.antegma.com\/de\/#\/schema\/logo\/image\/"},"sameAs":["https:\/\/www.facebook.com\/antegma","https:\/\/x.com\/antegma","https:\/\/www.instagram.com\/antegma","https:\/\/www.linkedin.com\/company\/antegma-gmbh","https:\/\/www.youtube.com\/@antegma","https:\/\/solutionpartners.adobe.com\/s\/directory\/detail\/antegma","https:\/\/exchange.adobe.com\/publisher\/ec\/2a398941-2c20-49ef-bf6e-b35e902cad15\/antegma-gmbh"],"description":"antegma is specializing in digital transformation consulting and implementation. Based in Germany with offices in Munich and St. Georgen, we help enterprises optimize their content supply chain, work management, digital marketing, digital experience, e-commerce, data & AI, and system integrations. We are partners of Adobe, Canto, Hootsuite, Microsoft, Monday.com.","email":"info@antegma.com","telephone":"+49 89 55270890","numberOfEmployees":{"@type":"QuantitativeValue","minValue":"11","maxValue":"50"}}]}},"_links":{"self":[{"href":"https:\/\/www.antegma.com\/de\/wp-json\/wp\/v2\/pages\/3466","targetHints":{"allow":["GET"]}}],"collection":[{"href":"https:\/\/www.antegma.com\/de\/wp-json\/wp\/v2\/pages"}],"about":[{"href":"https:\/\/www.antegma.com\/de\/wp-json\/wp\/v2\/types\/page"}],"author":[{"embeddable":true,"href":"https:\/\/www.antegma.com\/de\/wp-json\/wp\/v2\/users\/5"}],"replies":[{"embeddable":true,"href":"https:\/\/www.antegma.com\/de\/wp-json\/wp\/v2\/comments?post=3466"}],"version-history":[{"count":0,"href":"https:\/\/www.antegma.com\/de\/wp-json\/wp\/v2\/pages\/3466\/revisions"}],"up":[{"embeddable":true,"href":"https:\/\/www.antegma.com\/de\/wp-json\/wp\/v2\/pages\/3054"}],"wp:attachment":[{"href":"https:\/\/www.antegma.com\/de\/wp-json\/wp\/v2\/media?parent=3466"}],"curies":[{"name":"wp","href":"https:\/\/api.w.org\/{rel}","templated":true}]}}