{"id":3531,"date":"2019-01-09T14:11:03","date_gmt":"2019-01-09T13:11:03","guid":{"rendered":"https:\/\/www.antegma.com\/?page_id=3531"},"modified":"2019-01-30T10:48:14","modified_gmt":"2019-01-30T09:48:14","slug":"documentation-and-support","status":"publish","type":"page","link":"https:\/\/www.antegma.com\/de\/products\/documentation-and-support\/","title":{"rendered":"accallio &#8211; Produktdokumentation und Support"},"content":{"rendered":"<p>[vc_row css=&#8220;.vc_custom_1548841781332{padding-top: 15em !important;padding-bottom: 15em !important;background-image: url(https:\/\/www.antegma.com\/wp-content\/uploads\/2019\/01\/AdobeStock_53631534-1-e1548841668941.jpeg?id=3709) !important;}&#8220;][vc_column][\/vc_column][\/vc_row][vc_row][vc_column][kwoon_section_title]Sie haben Fragen?\u00a0 Wir liefern die Antworten![\/kwoon_section_title][vc_column_text]<\/p>\n<p style=\"text-align: center;\">Mit den accallio Produktdokumentationen m\u00f6chten wir Sie \u00fcber die gesamte Nutzungsdauer Ihrer accallio Produkte unterst\u00fctzen, und eine erste Hilfestellung bei Fragen bieten. Sollten dar\u00fcber hinaus Fragen auftauchen, k\u00f6nnen Sie unser produktspezifisches Support-Angebot in Anspruch nehmen<\/p>\n<p>[\/vc_column_text][\/vc_column][\/vc_row][vc_row kwoon_bg=&#8220;light&#8220; el_id=&#8220;row-product-ca&#8220;][vc_column width=&#8220;1\/4&#8243;][vc_single_image image=&#8220;3714&#8243;][\/vc_column][vc_column width=&#8220;3\/4&#8243;][vc_empty_space height=&#8220;40px&#8220;][vc_column_text]<strong><a href=\"https:\/\/confluence.antegma.com\/display\/ACCCA20\">Produktdokumentation accallio CA v2.0<\/a><\/strong><\/p>\n<p><a href=\"https:\/\/confluence.antegma.com\/display\/ACCCA20\"><strong>Kunden-Support accallio CA<\/strong><\/a>[\/vc_column_text][\/vc_column][\/vc_row][vc_row el_id=&#8220;row-product-ox&#8220;][vc_column width=&#8220;1\/4&#8243;][vc_single_image image=&#8220;3712&#8243;][\/vc_column][vc_column width=&#8220;3\/4&#8243;][vc_empty_space height=&#8220;40px&#8220;][vc_column_text]<strong><a href=\"https:\/\/confluence.antegma.com\/display\/ACCOX10\">Produktdokumentation accallio OX v1.0<\/a><\/strong><\/p>\n<p><strong><a href=\"https:\/\/jira.antegma.com\/servicedesk\/customer\/portal\/8\">Kunden-Support accallio OX<\/a><\/strong>[\/vc_column_text][\/vc_column][\/vc_row][vc_row kwoon_bg=&#8220;light&#8220; el_id=&#8220;row-product-sp&#8220;][vc_column width=&#8220;1\/4&#8243;][vc_single_image image=&#8220;3723&#8243;][\/vc_column][vc_column width=&#8220;3\/4&#8243;][vc_empty_space height=&#8220;40px&#8220;][vc_column_text]<strong><a href=\"https:\/\/confluence.antegma.com\/display\/ACCSP10\">Produktdokumentation accallio SP v1.0<\/a><\/strong><\/p>\n<p><a href=\"https:\/\/jira.antegma.com\/servicedesk\/customer\/portal\/9\"><strong>Kunden-Support accallio SP<\/strong><\/a>[\/vc_column_text][\/vc_column][\/vc_row][vc_row el_id=&#8220;row-product-sts&#8220;][vc_column width=&#8220;1\/4&#8243;][vc_single_image image=&#8220;3725&#8243;][\/vc_column][vc_column width=&#8220;3\/4&#8243;][vc_empty_space height=&#8220;40px&#8220;][vc_column_text]<strong><a href=\"https:\/\/confluence.antegma.com\/display\/ACCSTS20\">Produktdokumentation accallio STS v2.0<\/a><\/strong><\/p>\n<p><a href=\"https:\/\/jira.antegma.com\/servicedesk\/customer\/portal\/7\"><strong>Kunden-Support accallio STS<\/strong><\/a>[\/vc_column_text][\/vc_column][\/vc_row][vc_row kwoon_bg=&#8220;inverse&#8220; parallax=&#8220;&#8220; parallax_image=&#8220;&#8220; css=&#8220;.vc_custom_1547042000290{background-image: url(https:\/\/www.antegma.com\/wp-content\/uploads\/2015\/07\/AdobeStock_69329003_darked-e1437411479494.jpg?id=1310) !important;}&#8220;][vc_column][kwoon_section_title]Haben wir Ihr <strong>Interesse<\/strong> geweckt?[\/kwoon_section_title][vc_column_text]<\/p>\n<p style=\"text-align: center;\"><a class=\"btn btn-border\" href=\"https:\/\/www.antegma.com\/de\/contact\/\">Kontaktieren Sie uns<\/a><\/p>\n<p>[\/vc_column_text][\/vc_column][\/vc_row]<\/p>\n","protected":false},"excerpt":{"rendered":"<p>[vc_row css=&#8220;.vc_custom_1548841781332{padding-top: 15em !important;padding-bottom: 15em !important;background-image: url(https:\/\/www.antegma.com\/wp-content\/uploads\/2019\/01\/AdobeStock_53631534-1-e1548841668941.jpeg?id=3709) !important;}&#8220;][vc_column][\/vc_column][\/vc_row][vc_row][vc_column][kwoon_section_title]Sie haben Fragen?\u00a0 Wir liefern die Antworten![\/kwoon_section_title][vc_column_text] Mit den accallio Produktdokumentationen m\u00f6chten wir Sie \u00fcber die gesamte Nutzungsdauer Ihrer accallio Produkte unterst\u00fctzen, und eine erste Hilfestellung bei Fragen bieten. Sollten dar\u00fcber hinaus Fragen auftauchen, k\u00f6nnen Sie unser produktspezifisches Support-Angebot in Anspruch nehmen [\/vc_column_text][\/vc_column][\/vc_row][vc_row kwoon_bg=&#8220;light&#8220; el_id=&#8220;row-product-ca&#8220;][vc_column width=&#8220;1\/4&#8243;][vc_single_image image=&#8220;3714&#8243;][\/vc_column][vc_column width=&#8220;3\/4&#8243;][vc_empty_space [&hellip;]<\/p>\n","protected":false},"author":5,"featured_media":0,"parent":3054,"menu_order":0,"comment_status":"closed","ping_status":"closed","template":"","meta":{"footnotes":""},"class_list":["post-3531","page","type-page","status-publish","hentry"],"yoast_head":"<!-- This site is optimized with the Yoast SEO Premium plugin v27.4 (Yoast SEO v27.4) - https:\/\/yoast.com\/product\/yoast-seo-premium-wordpress\/ -->\n<title>accallio - Produktdokumentation und Support | antegma<\/title>\n<meta name=\"description\" content=\"Sie haben Fragen?\u00a0 Wir liefern die Antworten! Mit den accallio Produktdokumentationen m\u00f6chten wir Sie \u00fcber die gesamte Nutzungsdauer Ihrer accallio\" \/>\n<meta name=\"robots\" content=\"index, follow, max-snippet:-1, max-image-preview:large, max-video-preview:-1\" \/>\n<link rel=\"canonical\" href=\"https:\/\/www.antegma.com\/de\/products\/documentation-and-support\/\" \/>\n<meta property=\"og:locale\" content=\"de_DE\" \/>\n<meta property=\"og:type\" content=\"article\" \/>\n<meta property=\"og:title\" content=\"accallio - Produktdokumentation und Support\" \/>\n<meta property=\"og:description\" content=\"Sie haben Fragen?\u00a0 Wir liefern die Antworten! Mit den accallio Produktdokumentationen m\u00f6chten wir Sie \u00fcber die gesamte Nutzungsdauer Ihrer accallio\" \/>\n<meta property=\"og:url\" content=\"https:\/\/www.antegma.com\/de\/products\/documentation-and-support\/\" \/>\n<meta property=\"og:site_name\" content=\"antegma\" \/>\n<meta property=\"article:publisher\" content=\"https:\/\/www.facebook.com\/antegma\" \/>\n<meta property=\"article:modified_time\" content=\"2019-01-30T09:48:14+00:00\" \/>\n<meta name=\"twitter:card\" content=\"summary_large_image\" \/>\n<meta name=\"twitter:site\" content=\"@antegma\" \/>\n<meta name=\"twitter:label1\" content=\"Gesch\u00e4tzte Lesezeit\" \/>\n\t<meta name=\"twitter:data1\" content=\"2\u00a0Minuten\" \/>\n<script type=\"application\/ld+json\" class=\"yoast-schema-graph\">{\"@context\":\"https:\\\/\\\/schema.org\",\"@graph\":[{\"@type\":\"WebPage\",\"@id\":\"https:\\\/\\\/www.antegma.com\\\/de\\\/products\\\/documentation-and-support\\\/\",\"url\":\"https:\\\/\\\/www.antegma.com\\\/de\\\/products\\\/documentation-and-support\\\/\",\"name\":\"accallio - Produktdokumentation und Support | antegma\",\"isPartOf\":{\"@id\":\"https:\\\/\\\/www.antegma.com\\\/de\\\/#website\"},\"datePublished\":\"2019-01-09T13:11:03+00:00\",\"dateModified\":\"2019-01-30T09:48:14+00:00\",\"description\":\"Sie haben Fragen?\u00a0 Wir liefern die Antworten! Mit den accallio Produktdokumentationen m\u00f6chten wir Sie \u00fcber die gesamte Nutzungsdauer Ihrer accallio\",\"breadcrumb\":{\"@id\":\"https:\\\/\\\/www.antegma.com\\\/de\\\/products\\\/documentation-and-support\\\/#breadcrumb\"},\"inLanguage\":\"de\",\"potentialAction\":[{\"@type\":\"ReadAction\",\"target\":[\"https:\\\/\\\/www.antegma.com\\\/de\\\/products\\\/documentation-and-support\\\/\"]}]},{\"@type\":\"BreadcrumbList\",\"@id\":\"https:\\\/\\\/www.antegma.com\\\/de\\\/products\\\/documentation-and-support\\\/#breadcrumb\",\"itemListElement\":[{\"@type\":\"ListItem\",\"position\":1,\"name\":\"Startseite\",\"item\":\"https:\\\/\\\/www.antegma.com\\\/de\\\/\"},{\"@type\":\"ListItem\",\"position\":2,\"name\":\"Produkte\",\"item\":\"https:\\\/\\\/www.antegma.com\\\/de\\\/products\\\/\"},{\"@type\":\"ListItem\",\"position\":3,\"name\":\"accallio &#8211; Produktdokumentation und Support\"}]},{\"@type\":\"WebSite\",\"@id\":\"https:\\\/\\\/www.antegma.com\\\/de\\\/#website\",\"url\":\"https:\\\/\\\/www.antegma.com\\\/de\\\/\",\"name\":\"antegma\",\"description\":\"Ihr Partner f\u00fcr die Digitale Transformation\",\"publisher\":{\"@id\":\"https:\\\/\\\/www.antegma.com\\\/de\\\/#organization\"},\"potentialAction\":[{\"@type\":\"SearchAction\",\"target\":{\"@type\":\"EntryPoint\",\"urlTemplate\":\"https:\\\/\\\/www.antegma.com\\\/de\\\/?s={search_term_string}\"},\"query-input\":{\"@type\":\"PropertyValueSpecification\",\"valueRequired\":true,\"valueName\":\"search_term_string\"}}],\"inLanguage\":\"de\"},{\"@type\":\"Organization\",\"@id\":\"https:\\\/\\\/www.antegma.com\\\/de\\\/#organization\",\"name\":\"antegma GmbH\",\"alternateName\":\"antegma\",\"url\":\"https:\\\/\\\/www.antegma.com\\\/de\\\/\",\"logo\":{\"@type\":\"ImageObject\",\"inLanguage\":\"de\",\"@id\":\"https:\\\/\\\/www.antegma.com\\\/de\\\/#\\\/schema\\\/logo\\\/image\\\/\",\"url\":\"https:\\\/\\\/www.antegma.com\\\/wp-content\\\/uploads\\\/2024\\\/11\\\/antegma-logo-white-quadratisch.png\",\"contentUrl\":\"https:\\\/\\\/www.antegma.com\\\/wp-content\\\/uploads\\\/2024\\\/11\\\/antegma-logo-white-quadratisch.png\",\"width\":300,\"height\":300,\"caption\":\"antegma GmbH\"},\"image\":{\"@id\":\"https:\\\/\\\/www.antegma.com\\\/de\\\/#\\\/schema\\\/logo\\\/image\\\/\"},\"sameAs\":[\"https:\\\/\\\/www.facebook.com\\\/antegma\",\"https:\\\/\\\/x.com\\\/antegma\",\"https:\\\/\\\/www.instagram.com\\\/antegma\",\"https:\\\/\\\/www.linkedin.com\\\/company\\\/antegma-gmbh\",\"https:\\\/\\\/www.youtube.com\\\/@antegma\",\"https:\\\/\\\/solutionpartners.adobe.com\\\/s\\\/directory\\\/detail\\\/antegma\",\"https:\\\/\\\/exchange.adobe.com\\\/publisher\\\/ec\\\/2a398941-2c20-49ef-bf6e-b35e902cad15\\\/antegma-gmbh\"],\"description\":\"antegma is specializing in digital transformation consulting and implementation. Based in Germany with offices in Munich and St. Georgen, we help enterprises optimize their content supply chain, work management, digital marketing, digital experience, e-commerce, data & AI, and system integrations. We are partners of Adobe, Canto, Hootsuite, Microsoft, Monday.com.\",\"email\":\"info@antegma.com\",\"telephone\":\"+49 89 55270890\",\"numberOfEmployees\":{\"@type\":\"QuantitativeValue\",\"minValue\":\"11\",\"maxValue\":\"50\"}}]}<\/script>\n<!-- \/ Yoast SEO Premium plugin. -->","yoast_head_json":{"title":"accallio - Produktdokumentation und Support | antegma","description":"Sie haben Fragen?\u00a0 Wir liefern die Antworten! Mit den accallio Produktdokumentationen m\u00f6chten wir Sie \u00fcber die gesamte Nutzungsdauer Ihrer accallio","robots":{"index":"index","follow":"follow","max-snippet":"max-snippet:-1","max-image-preview":"max-image-preview:large","max-video-preview":"max-video-preview:-1"},"canonical":"https:\/\/www.antegma.com\/de\/products\/documentation-and-support\/","og_locale":"de_DE","og_type":"article","og_title":"accallio - Produktdokumentation und Support","og_description":"Sie haben Fragen?\u00a0 Wir liefern die Antworten! Mit den accallio Produktdokumentationen m\u00f6chten wir Sie \u00fcber die gesamte Nutzungsdauer Ihrer accallio","og_url":"https:\/\/www.antegma.com\/de\/products\/documentation-and-support\/","og_site_name":"antegma","article_publisher":"https:\/\/www.facebook.com\/antegma","article_modified_time":"2019-01-30T09:48:14+00:00","twitter_card":"summary_large_image","twitter_site":"@antegma","twitter_misc":{"Gesch\u00e4tzte Lesezeit":"2\u00a0Minuten"},"schema":{"@context":"https:\/\/schema.org","@graph":[{"@type":"WebPage","@id":"https:\/\/www.antegma.com\/de\/products\/documentation-and-support\/","url":"https:\/\/www.antegma.com\/de\/products\/documentation-and-support\/","name":"accallio - Produktdokumentation und Support | antegma","isPartOf":{"@id":"https:\/\/www.antegma.com\/de\/#website"},"datePublished":"2019-01-09T13:11:03+00:00","dateModified":"2019-01-30T09:48:14+00:00","description":"Sie haben Fragen?\u00a0 Wir liefern die Antworten! Mit den accallio Produktdokumentationen m\u00f6chten wir Sie \u00fcber die gesamte Nutzungsdauer Ihrer accallio","breadcrumb":{"@id":"https:\/\/www.antegma.com\/de\/products\/documentation-and-support\/#breadcrumb"},"inLanguage":"de","potentialAction":[{"@type":"ReadAction","target":["https:\/\/www.antegma.com\/de\/products\/documentation-and-support\/"]}]},{"@type":"BreadcrumbList","@id":"https:\/\/www.antegma.com\/de\/products\/documentation-and-support\/#breadcrumb","itemListElement":[{"@type":"ListItem","position":1,"name":"Startseite","item":"https:\/\/www.antegma.com\/de\/"},{"@type":"ListItem","position":2,"name":"Produkte","item":"https:\/\/www.antegma.com\/de\/products\/"},{"@type":"ListItem","position":3,"name":"accallio &#8211; Produktdokumentation und Support"}]},{"@type":"WebSite","@id":"https:\/\/www.antegma.com\/de\/#website","url":"https:\/\/www.antegma.com\/de\/","name":"antegma","description":"Ihr Partner f\u00fcr die Digitale Transformation","publisher":{"@id":"https:\/\/www.antegma.com\/de\/#organization"},"potentialAction":[{"@type":"SearchAction","target":{"@type":"EntryPoint","urlTemplate":"https:\/\/www.antegma.com\/de\/?s={search_term_string}"},"query-input":{"@type":"PropertyValueSpecification","valueRequired":true,"valueName":"search_term_string"}}],"inLanguage":"de"},{"@type":"Organization","@id":"https:\/\/www.antegma.com\/de\/#organization","name":"antegma GmbH","alternateName":"antegma","url":"https:\/\/www.antegma.com\/de\/","logo":{"@type":"ImageObject","inLanguage":"de","@id":"https:\/\/www.antegma.com\/de\/#\/schema\/logo\/image\/","url":"https:\/\/www.antegma.com\/wp-content\/uploads\/2024\/11\/antegma-logo-white-quadratisch.png","contentUrl":"https:\/\/www.antegma.com\/wp-content\/uploads\/2024\/11\/antegma-logo-white-quadratisch.png","width":300,"height":300,"caption":"antegma GmbH"},"image":{"@id":"https:\/\/www.antegma.com\/de\/#\/schema\/logo\/image\/"},"sameAs":["https:\/\/www.facebook.com\/antegma","https:\/\/x.com\/antegma","https:\/\/www.instagram.com\/antegma","https:\/\/www.linkedin.com\/company\/antegma-gmbh","https:\/\/www.youtube.com\/@antegma","https:\/\/solutionpartners.adobe.com\/s\/directory\/detail\/antegma","https:\/\/exchange.adobe.com\/publisher\/ec\/2a398941-2c20-49ef-bf6e-b35e902cad15\/antegma-gmbh"],"description":"antegma is specializing in digital transformation consulting and implementation. Based in Germany with offices in Munich and St. Georgen, we help enterprises optimize their content supply chain, work management, digital marketing, digital experience, e-commerce, data & AI, and system integrations. We are partners of Adobe, Canto, Hootsuite, Microsoft, Monday.com.","email":"info@antegma.com","telephone":"+49 89 55270890","numberOfEmployees":{"@type":"QuantitativeValue","minValue":"11","maxValue":"50"}}]}},"_links":{"self":[{"href":"https:\/\/www.antegma.com\/de\/wp-json\/wp\/v2\/pages\/3531","targetHints":{"allow":["GET"]}}],"collection":[{"href":"https:\/\/www.antegma.com\/de\/wp-json\/wp\/v2\/pages"}],"about":[{"href":"https:\/\/www.antegma.com\/de\/wp-json\/wp\/v2\/types\/page"}],"author":[{"embeddable":true,"href":"https:\/\/www.antegma.com\/de\/wp-json\/wp\/v2\/users\/5"}],"replies":[{"embeddable":true,"href":"https:\/\/www.antegma.com\/de\/wp-json\/wp\/v2\/comments?post=3531"}],"version-history":[{"count":0,"href":"https:\/\/www.antegma.com\/de\/wp-json\/wp\/v2\/pages\/3531\/revisions"}],"up":[{"embeddable":true,"href":"https:\/\/www.antegma.com\/de\/wp-json\/wp\/v2\/pages\/3054"}],"wp:attachment":[{"href":"https:\/\/www.antegma.com\/de\/wp-json\/wp\/v2\/media?parent=3531"}],"curies":[{"name":"wp","href":"https:\/\/api.w.org\/{rel}","templated":true}]}}