{"id":4879,"date":"2020-05-19T11:42:48","date_gmt":"2020-05-19T09:42:48","guid":{"rendered":"https:\/\/www.antegma.com\/?page_id=4879"},"modified":"2020-05-26T13:41:20","modified_gmt":"2020-05-26T11:41:20","slug":"microsoft-dynamics-365-marketo-engage-connector","status":"publish","type":"page","link":"https:\/\/www.antegma.com\/de\/products\/accallio-cloud\/microsoft-dynamics-365-marketo-engage-connector\/","title":{"rendered":"Microsoft Dynamics 365 &#8211; Marketo Engage Connector"},"content":{"rendered":"<p>[vc_row css=&#8220;.vc_custom_1589889903766{padding-top: 300px !important;background-image: url(https:\/\/www.antegma.com\/wp-content\/uploads\/2018\/03\/AdobeStock_84394728-e1522533834947.jpeg?id=3285) !important;background-position: center !important;background-repeat: no-repeat !important;background-size: contain !important;}&#8220;][vc_column][\/vc_column][\/vc_row][vc_row][vc_column][kwoon_section_title]<\/p>\n<h1>Verbinden Sie Adobe Marketo Engage mit Microsoft Dynamics 365 mit\u00a0antegma accallio Cloud<\/h1>\n<p>[\/kwoon_section_title][vc_column_text]<\/p>\n<p style=\"text-align: center;\">Datensynchronisation und Automation \u00fcber Systemgrenzen hinweg. Mit unserem Konnektor synchronisieren Sie Ihre Kundenprofile und triggern Sie Aktionen in beiden Systemen.\u00a0<strong>Benutzen Sie mehr Informationen als Ihre Konkurrenz. Begleiten und beeinflussen Sie die Customer Journey von Anfang bis Ende. Schaffen Sie ein nahtloses Nutzererlebnis auch \u00fcber verschiedene Systeme hinweg.<\/strong><\/p>\n<p>[\/vc_column_text][\/vc_column][\/vc_row][vc_row kwoon_bg=&#8220;inverse&#8220;][vc_column][kwoon_section_title]<span style=\"color: #ffffff;\">Features<\/span>[\/kwoon_section_title][vc_row_inner][vc_column_inner width=&#8220;1\/4&#8243;][kwoon_icon_block icon=&#8220;icon-cog-alt&#8220; color=&#8220;&#8220;]<\/p>\n<p style=\"text-align: center;\">Frei konfigurierbare Synchronisation<\/p>\n<p>[\/kwoon_icon_block][\/vc_column_inner][vc_column_inner width=&#8220;1\/4&#8243;][kwoon_icon_block icon=&#8220;icon-doc-1&#8243; color=&#8220;&#8220;]<\/p>\n<p style=\"text-align: center;\">Out-Of-The-Box Templates f\u00fcr die Synchronisation<\/p>\n<p>[\/kwoon_icon_block][\/vc_column_inner][vc_column_inner width=&#8220;1\/4&#8243;][kwoon_icon_block icon=&#8220;icon-sitemap&#8220; color=&#8220;&#8220;]<\/p>\n<p style=\"text-align: center;\">Komplette Kontrolle \u00fcber die Datenmapping, Daten-Transformation und alle anderen Aspekte des Synchronisationsprozess<\/p>\n<p>[\/kwoon_icon_block][\/vc_column_inner][vc_column_inner width=&#8220;1\/4&#8243;][kwoon_icon_block icon=&#8220;icon-share&#8220; color=&#8220;&#8220;]<\/p>\n<p style=\"text-align: center;\">Optionale Integration mit anderen Systemen<\/p>\n<p>[\/kwoon_icon_block][\/vc_column_inner][\/vc_row_inner][\/vc_column][\/vc_row][vc_row kwoon_bg=&#8220;light&#8220; css=&#8220;.vc_custom_1590149602367{background-color: #ffffff !important;}&#8220;][vc_column][vc_single_image image=&#8220;4942&#8243; img_size=&#8220;full&#8220; alignment=&#8220;center&#8220; onclick=&#8220;img_link_large&#8220;][\/vc_column][\/vc_row][vc_row kwoon_bg=&#8220;inverse&#8220;][vc_column][kwoon_section_title]<span style=\"color: #ffffff;\">Key benefits<\/span>[\/kwoon_section_title][vc_row_inner][vc_column_inner width=&#8220;1\/3&#8243;][kwoon_icon_block icon=&#8220;budicon-check-3&#8243; color=&#8220;rgba(10,10,10,0.01)&#8220;]<\/p>\n<p style=\"text-align: center;\"><b>Verpassen Sie keinen Lead.<\/b> Ihre Daten System\u00fcbergreifend auf dem selben Stand. Mit unserem Konnektor sind Sie in der Lage Kundenprofile auf beiden Systemen synchron zu halten.<\/p>\n<p>[\/kwoon_icon_block][\/vc_column_inner][vc_column_inner width=&#8220;1\/3&#8243;][kwoon_icon_block icon=&#8220;budicon-bulb&#8220; color=&#8220;rgba(30,115,190,0.01)&#8220;]<\/p>\n<p style=\"text-align: center;\"><b>Nutzen Sie Features des verbundenen Systems.<\/b> Erstellen Sie Applikationen f\u00fcr Ihre Dynamics 365 Nutzer und nutzen Sie die Marketo Mailing M\u00f6glichkeiten f\u00fcr effektive Sales E-Mails<\/p>\n<p>[\/kwoon_icon_block][\/vc_column_inner][vc_column_inner width=&#8220;1\/3&#8243;][kwoon_icon_block icon=&#8220;budicon-cash&#8220; color=&#8220;rgba(147,147,147,0.01)&#8220;]<\/p>\n<p style=\"text-align: center;\"><strong>Optimieren Sie Ihre Conversions.<\/strong> Nutzen SIe die Synchronisation um Ihre Kommunikation voll auf Leads auszurichten. Social Selling ist kein Problem mit den M\u00f6glichkeiten der Marketo Marketing Automation und den Sales Werkzeugen von Microsoft Dynamics 365.<\/p>\n<p>[\/kwoon_icon_block][\/vc_column_inner][\/vc_row_inner][\/vc_column][\/vc_row][vc_row][vc_column][kwoon_section_title]Interessiert? Erfahren Sie mehr \u00fcber unsere Produkte der accallio-Familie[\/kwoon_section_title][\/vc_column][\/vc_row][vc_row kwoon_bg=&#8220;inverse&#8220;][vc_column width=&#8220;1\/4&#8243;][vc_single_image image=&#8220;3801&#8243;][\/vc_column][vc_column width=&#8220;3\/4&#8243;][vc_column_text]<\/p>\n<h4>accallio\u00a0OX &#8211; Microsoft Office 365 Outlook &amp; Exchange Integration f\u00fcr den Adobe Experience Manager<\/h4>\n<p>Bringen Sie die erfolgreichste Business Software in einen neuen Kontext mit unserer Integration. Schaffen Sie optimierte Prozesse und ein nahtloses Benutzererlebnis indem Sie Microsoft\u00a0Office 365 Outlook &amp; Exchange Integration in den Adobe Experience Manager bringen. Verfassen Sie Mails, Bearbeiten Sie Kontakte und Termine. Alle Features sind als Komponenten in AEM verf\u00fcgbar.[\/vc_column_text][vc_btn title=&#8220;Hier weiterlesen!&#8220; style=&#8220;flat&#8220; shape=&#8220;square&#8220; link=&#8220;url:https%3A%2F%2Fwww.antegma.com%2Fde%2Fproducts%2Faccallio%2Fox%2F|&#8220;][\/vc_column][\/vc_row][vc_row][vc_column width=&#8220;1\/4&#8243;][vc_single_image image=&#8220;3803&#8243;][\/vc_column][vc_column width=&#8220;3\/4&#8243;][vc_column_text]<\/p>\n<h4>accallio SP -Microsoft Sharepoint Integration f\u00fcr Ihren Adobe Experience Manager<\/h4>\n<p>Kombinieren Sie die St\u00e4rke des Content Management-Systems Adobe Experience Manager mit der Leistung von Microsoft SharePoint, um herausragende Intranetl\u00f6sungen und Kommunikationsplattformen zu realisieren.[\/vc_column_text][vc_btn title=&#8220;Hier weiterlesen&#8220; style=&#8220;flat&#8220; shape=&#8220;square&#8220; color=&#8220;black&#8220; link=&#8220;url:https%3A%2F%2Fwww.antegma.com%2Fde%2Fproducts%2Faccallio%2Fsp%2F|&#8220;][\/vc_column][\/vc_row][vc_row kwoon_bg=&#8220;inverse&#8220;][vc_column width=&#8220;1\/4&#8243; css=&#8220;.vc_custom_1518858211367{padding-top: 13px !important;}&#8220; offset=&#8220;vc_col-md-3 vc_col-xs-3&#8243;][vc_single_image image=&#8220;3167&#8243; onclick=&#8220;custom_link&#8220; link=&#8220;http:\/\/www.antegma.com\/en\/accallio\/&#8220;][\/vc_column][vc_column width=&#8220;3\/4&#8243;][vc_column_text]<\/p>\n<h4>Synergien<\/h4>\n<p>Profitieren Sie von einem ma\u00dfgeschneiderten Softwarepaket, das perfekt zu den Anforderungen Ihres Unternehmens passt. accallio ist eine ma\u00dfgeschneiderte L\u00f6sung, die getrennte Anwendungen in eine Plattform integriert, um Synergien zu nutzen.[\/vc_column_text][vc_btn title=&#8220;Hier weiterlesen&#8220; style=&#8220;flat&#8220; shape=&#8220;square&#8220; link=&#8220;url:http%3A%2F%2Fwww.antegma.com%2Fen%2Faccallio%2F|&#8220;][\/vc_column][\/vc_row][vc_row][vc_column][kwoon_section_title]Unsere accallio Produkte konnten Sie \u00fcberzeugen?[\/kwoon_section_title][vc_column_text]<\/p>\n<div class=\"dark-wrapper\">\n<div class=\"container inner\">\n<div class=\"vc_row wpb_row vc_row-fluid\">\n<div class=\"wpb_column col-sm-12\">\n<div class=\"vc_column-inner\">\n<div class=\"wpb_wrapper\">\n<div class=\"wpb_text_column wpb_content_element \">\n<div class=\"wpb_wrapper\">\n<p style=\"text-align: center;\">Abonnieren Sie den accallio Newsletter und stellen Sie sicher das Sie keine Informationen mehr verpassen.<\/p>\n<\/div>\n<\/div>\n<\/div>\n<\/div>\n<\/div>\n<\/div>\n<\/div>\n<\/div>\n<p>[\/vc_column_text][vc_btn title=&#8220;f\u00fcr accallio Newsletter anmelden&#8220; color=&#8220;primary&#8220; align=&#8220;center&#8220; link=&#8220;url:https%3A%2F%2Fwww.antegma.com%2Fde%2Faccallio-newsletter-subscription%2F|&#8220;][\/vc_column][\/vc_row][vc_row kwoon_bg=&#8220;inverse&#8220; parallax=&#8220;&#8220; parallax_image=&#8220;&#8220; css=&#8220;.vc_custom_1550738932848{background-image: url(https:\/\/www.antegma.com\/wp-content\/uploads\/2015\/07\/AdobeStock_69329003_darked-e1437411479494.jpg?id=1310) !important;}&#8220;][vc_column][kwoon_section_title]Haben wir Ihr <strong>Interesse<\/strong> geweckt?[\/kwoon_section_title][vc_column_text]<\/p>\n<p style=\"text-align: center;\"><a class=\"btn btn-border\" href=\"http:\/\/www.antegma.com\/de\/contact\/\">Kontaktieren Sie uns<\/a><\/p>\n<p>[\/vc_column_text][\/vc_column][\/vc_row]<\/p>\n","protected":false},"excerpt":{"rendered":"<p>[vc_row css=&#8220;.vc_custom_1589889903766{padding-top: 300px !important;background-image: url(https:\/\/www.antegma.com\/wp-content\/uploads\/2018\/03\/AdobeStock_84394728-e1522533834947.jpeg?id=3285) !important;background-position: center !important;background-repeat: no-repeat !important;background-size: contain !important;}&#8220;][vc_column][\/vc_column][\/vc_row][vc_row][vc_column][kwoon_section_title] Verbinden Sie Adobe Marketo Engage mit Microsoft Dynamics 365 mit\u00a0antegma accallio Cloud [\/kwoon_section_title][vc_column_text] Datensynchronisation und Automation \u00fcber Systemgrenzen hinweg. Mit unserem Konnektor synchronisieren Sie Ihre Kundenprofile und triggern Sie Aktionen in beiden Systemen.\u00a0Benutzen Sie mehr Informationen als Ihre Konkurrenz. Begleiten und beeinflussen Sie [&hellip;]<\/p>\n","protected":false},"author":4,"featured_media":0,"parent":4954,"menu_order":0,"comment_status":"closed","ping_status":"closed","template":"","meta":{"footnotes":""},"class_list":["post-4879","page","type-page","status-publish","hentry"],"yoast_head":"<!-- This site is optimized with the Yoast SEO Premium plugin v27.4 (Yoast SEO v27.4) - https:\/\/yoast.com\/product\/yoast-seo-premium-wordpress\/ -->\n<title>Microsoft Dynamics 365 - Marketo Engage Connector | antegma<\/title>\n<meta name=\"description\" content=\"Verbinden Sie Adobe Marketo Engage mit Microsoft Dynamics 365 mit\u00a0antegma accallio Cloud Datensynchronisation und Automation \u00fcber Systemgrenzen hinweg.\" \/>\n<meta name=\"robots\" content=\"index, follow, max-snippet:-1, max-image-preview:large, max-video-preview:-1\" \/>\n<link rel=\"canonical\" href=\"https:\/\/www.antegma.com\/de\/products\/accallio-cloud\/microsoft-dynamics-365-marketo-engage-connector\/\" \/>\n<meta property=\"og:locale\" content=\"de_DE\" \/>\n<meta property=\"og:type\" content=\"article\" \/>\n<meta property=\"og:title\" content=\"Microsoft Dynamics 365 - Marketo Engage Connector\" \/>\n<meta property=\"og:description\" content=\"Verbinden Sie Adobe Marketo Engage mit Microsoft Dynamics 365 mit\u00a0antegma accallio Cloud Datensynchronisation und Automation \u00fcber Systemgrenzen hinweg.\" \/>\n<meta property=\"og:url\" content=\"https:\/\/www.antegma.com\/de\/products\/accallio-cloud\/microsoft-dynamics-365-marketo-engage-connector\/\" \/>\n<meta property=\"og:site_name\" content=\"antegma\" \/>\n<meta property=\"article:publisher\" content=\"https:\/\/www.facebook.com\/antegma\" \/>\n<meta property=\"article:modified_time\" content=\"2020-05-26T11:41:20+00:00\" \/>\n<meta name=\"twitter:card\" content=\"summary_large_image\" \/>\n<meta name=\"twitter:site\" content=\"@antegma\" \/>\n<meta name=\"twitter:label1\" content=\"Gesch\u00e4tzte Lesezeit\" \/>\n\t<meta name=\"twitter:data1\" content=\"4\u00a0Minuten\" \/>\n<script type=\"application\/ld+json\" class=\"yoast-schema-graph\">{\"@context\":\"https:\\\/\\\/schema.org\",\"@graph\":[{\"@type\":\"WebPage\",\"@id\":\"https:\\\/\\\/www.antegma.com\\\/de\\\/products\\\/accallio-cloud\\\/microsoft-dynamics-365-marketo-engage-connector\\\/\",\"url\":\"https:\\\/\\\/www.antegma.com\\\/de\\\/products\\\/accallio-cloud\\\/microsoft-dynamics-365-marketo-engage-connector\\\/\",\"name\":\"Microsoft Dynamics 365 - Marketo Engage Connector | antegma\",\"isPartOf\":{\"@id\":\"https:\\\/\\\/www.antegma.com\\\/de\\\/#website\"},\"datePublished\":\"2020-05-19T09:42:48+00:00\",\"dateModified\":\"2020-05-26T11:41:20+00:00\",\"description\":\"Verbinden Sie Adobe Marketo Engage mit Microsoft Dynamics 365 mit\u00a0antegma accallio Cloud Datensynchronisation und Automation \u00fcber Systemgrenzen hinweg.\",\"breadcrumb\":{\"@id\":\"https:\\\/\\\/www.antegma.com\\\/de\\\/products\\\/accallio-cloud\\\/microsoft-dynamics-365-marketo-engage-connector\\\/#breadcrumb\"},\"inLanguage\":\"de\",\"potentialAction\":[{\"@type\":\"ReadAction\",\"target\":[\"https:\\\/\\\/www.antegma.com\\\/de\\\/products\\\/accallio-cloud\\\/microsoft-dynamics-365-marketo-engage-connector\\\/\"]}]},{\"@type\":\"BreadcrumbList\",\"@id\":\"https:\\\/\\\/www.antegma.com\\\/de\\\/products\\\/accallio-cloud\\\/microsoft-dynamics-365-marketo-engage-connector\\\/#breadcrumb\",\"itemListElement\":[{\"@type\":\"ListItem\",\"position\":1,\"name\":\"Startseite\",\"item\":\"https:\\\/\\\/www.antegma.com\\\/de\\\/\"},{\"@type\":\"ListItem\",\"position\":2,\"name\":\"Produkte\",\"item\":\"https:\\\/\\\/www.antegma.com\\\/de\\\/products\\\/\"},{\"@type\":\"ListItem\",\"position\":3,\"name\":\"antegma ACCALLI\\\/O Cloud\",\"item\":\"https:\\\/\\\/www.antegma.com\\\/de\\\/products\\\/accallio-cloud\\\/\"},{\"@type\":\"ListItem\",\"position\":4,\"name\":\"Microsoft Dynamics 365 &#8211; Marketo Engage Connector\"}]},{\"@type\":\"WebSite\",\"@id\":\"https:\\\/\\\/www.antegma.com\\\/de\\\/#website\",\"url\":\"https:\\\/\\\/www.antegma.com\\\/de\\\/\",\"name\":\"antegma\",\"description\":\"Ihr Partner f\u00fcr die Digitale Transformation\",\"publisher\":{\"@id\":\"https:\\\/\\\/www.antegma.com\\\/de\\\/#organization\"},\"potentialAction\":[{\"@type\":\"SearchAction\",\"target\":{\"@type\":\"EntryPoint\",\"urlTemplate\":\"https:\\\/\\\/www.antegma.com\\\/de\\\/?s={search_term_string}\"},\"query-input\":{\"@type\":\"PropertyValueSpecification\",\"valueRequired\":true,\"valueName\":\"search_term_string\"}}],\"inLanguage\":\"de\"},{\"@type\":\"Organization\",\"@id\":\"https:\\\/\\\/www.antegma.com\\\/de\\\/#organization\",\"name\":\"antegma GmbH\",\"alternateName\":\"antegma\",\"url\":\"https:\\\/\\\/www.antegma.com\\\/de\\\/\",\"logo\":{\"@type\":\"ImageObject\",\"inLanguage\":\"de\",\"@id\":\"https:\\\/\\\/www.antegma.com\\\/de\\\/#\\\/schema\\\/logo\\\/image\\\/\",\"url\":\"https:\\\/\\\/www.antegma.com\\\/wp-content\\\/uploads\\\/2024\\\/11\\\/antegma-logo-white-quadratisch.png\",\"contentUrl\":\"https:\\\/\\\/www.antegma.com\\\/wp-content\\\/uploads\\\/2024\\\/11\\\/antegma-logo-white-quadratisch.png\",\"width\":300,\"height\":300,\"caption\":\"antegma GmbH\"},\"image\":{\"@id\":\"https:\\\/\\\/www.antegma.com\\\/de\\\/#\\\/schema\\\/logo\\\/image\\\/\"},\"sameAs\":[\"https:\\\/\\\/www.facebook.com\\\/antegma\",\"https:\\\/\\\/x.com\\\/antegma\",\"https:\\\/\\\/www.instagram.com\\\/antegma\",\"https:\\\/\\\/www.linkedin.com\\\/company\\\/antegma-gmbh\",\"https:\\\/\\\/www.youtube.com\\\/@antegma\",\"https:\\\/\\\/solutionpartners.adobe.com\\\/s\\\/directory\\\/detail\\\/antegma\",\"https:\\\/\\\/exchange.adobe.com\\\/publisher\\\/ec\\\/2a398941-2c20-49ef-bf6e-b35e902cad15\\\/antegma-gmbh\"],\"description\":\"antegma is specializing in digital transformation consulting and implementation. Based in Germany with offices in Munich and St. Georgen, we help enterprises optimize their content supply chain, work management, digital marketing, digital experience, e-commerce, data & AI, and system integrations. We are partners of Adobe, Canto, Hootsuite, Microsoft, Monday.com.\",\"email\":\"info@antegma.com\",\"telephone\":\"+49 89 55270890\",\"numberOfEmployees\":{\"@type\":\"QuantitativeValue\",\"minValue\":\"11\",\"maxValue\":\"50\"}}]}<\/script>\n<!-- \/ Yoast SEO Premium plugin. -->","yoast_head_json":{"title":"Microsoft Dynamics 365 - Marketo Engage Connector | antegma","description":"Verbinden Sie Adobe Marketo Engage mit Microsoft Dynamics 365 mit\u00a0antegma accallio Cloud Datensynchronisation und Automation \u00fcber Systemgrenzen hinweg.","robots":{"index":"index","follow":"follow","max-snippet":"max-snippet:-1","max-image-preview":"max-image-preview:large","max-video-preview":"max-video-preview:-1"},"canonical":"https:\/\/www.antegma.com\/de\/products\/accallio-cloud\/microsoft-dynamics-365-marketo-engage-connector\/","og_locale":"de_DE","og_type":"article","og_title":"Microsoft Dynamics 365 - Marketo Engage Connector","og_description":"Verbinden Sie Adobe Marketo Engage mit Microsoft Dynamics 365 mit\u00a0antegma accallio Cloud Datensynchronisation und Automation \u00fcber Systemgrenzen hinweg.","og_url":"https:\/\/www.antegma.com\/de\/products\/accallio-cloud\/microsoft-dynamics-365-marketo-engage-connector\/","og_site_name":"antegma","article_publisher":"https:\/\/www.facebook.com\/antegma","article_modified_time":"2020-05-26T11:41:20+00:00","twitter_card":"summary_large_image","twitter_site":"@antegma","twitter_misc":{"Gesch\u00e4tzte Lesezeit":"4\u00a0Minuten"},"schema":{"@context":"https:\/\/schema.org","@graph":[{"@type":"WebPage","@id":"https:\/\/www.antegma.com\/de\/products\/accallio-cloud\/microsoft-dynamics-365-marketo-engage-connector\/","url":"https:\/\/www.antegma.com\/de\/products\/accallio-cloud\/microsoft-dynamics-365-marketo-engage-connector\/","name":"Microsoft Dynamics 365 - Marketo Engage Connector | antegma","isPartOf":{"@id":"https:\/\/www.antegma.com\/de\/#website"},"datePublished":"2020-05-19T09:42:48+00:00","dateModified":"2020-05-26T11:41:20+00:00","description":"Verbinden Sie Adobe Marketo Engage mit Microsoft Dynamics 365 mit\u00a0antegma accallio Cloud Datensynchronisation und Automation \u00fcber Systemgrenzen hinweg.","breadcrumb":{"@id":"https:\/\/www.antegma.com\/de\/products\/accallio-cloud\/microsoft-dynamics-365-marketo-engage-connector\/#breadcrumb"},"inLanguage":"de","potentialAction":[{"@type":"ReadAction","target":["https:\/\/www.antegma.com\/de\/products\/accallio-cloud\/microsoft-dynamics-365-marketo-engage-connector\/"]}]},{"@type":"BreadcrumbList","@id":"https:\/\/www.antegma.com\/de\/products\/accallio-cloud\/microsoft-dynamics-365-marketo-engage-connector\/#breadcrumb","itemListElement":[{"@type":"ListItem","position":1,"name":"Startseite","item":"https:\/\/www.antegma.com\/de\/"},{"@type":"ListItem","position":2,"name":"Produkte","item":"https:\/\/www.antegma.com\/de\/products\/"},{"@type":"ListItem","position":3,"name":"antegma ACCALLI\/O Cloud","item":"https:\/\/www.antegma.com\/de\/products\/accallio-cloud\/"},{"@type":"ListItem","position":4,"name":"Microsoft Dynamics 365 &#8211; Marketo Engage Connector"}]},{"@type":"WebSite","@id":"https:\/\/www.antegma.com\/de\/#website","url":"https:\/\/www.antegma.com\/de\/","name":"antegma","description":"Ihr Partner f\u00fcr die Digitale Transformation","publisher":{"@id":"https:\/\/www.antegma.com\/de\/#organization"},"potentialAction":[{"@type":"SearchAction","target":{"@type":"EntryPoint","urlTemplate":"https:\/\/www.antegma.com\/de\/?s={search_term_string}"},"query-input":{"@type":"PropertyValueSpecification","valueRequired":true,"valueName":"search_term_string"}}],"inLanguage":"de"},{"@type":"Organization","@id":"https:\/\/www.antegma.com\/de\/#organization","name":"antegma GmbH","alternateName":"antegma","url":"https:\/\/www.antegma.com\/de\/","logo":{"@type":"ImageObject","inLanguage":"de","@id":"https:\/\/www.antegma.com\/de\/#\/schema\/logo\/image\/","url":"https:\/\/www.antegma.com\/wp-content\/uploads\/2024\/11\/antegma-logo-white-quadratisch.png","contentUrl":"https:\/\/www.antegma.com\/wp-content\/uploads\/2024\/11\/antegma-logo-white-quadratisch.png","width":300,"height":300,"caption":"antegma GmbH"},"image":{"@id":"https:\/\/www.antegma.com\/de\/#\/schema\/logo\/image\/"},"sameAs":["https:\/\/www.facebook.com\/antegma","https:\/\/x.com\/antegma","https:\/\/www.instagram.com\/antegma","https:\/\/www.linkedin.com\/company\/antegma-gmbh","https:\/\/www.youtube.com\/@antegma","https:\/\/solutionpartners.adobe.com\/s\/directory\/detail\/antegma","https:\/\/exchange.adobe.com\/publisher\/ec\/2a398941-2c20-49ef-bf6e-b35e902cad15\/antegma-gmbh"],"description":"antegma is specializing in digital transformation consulting and implementation. Based in Germany with offices in Munich and St. Georgen, we help enterprises optimize their content supply chain, work management, digital marketing, digital experience, e-commerce, data & AI, and system integrations. We are partners of Adobe, Canto, Hootsuite, Microsoft, Monday.com.","email":"info@antegma.com","telephone":"+49 89 55270890","numberOfEmployees":{"@type":"QuantitativeValue","minValue":"11","maxValue":"50"}}]}},"_links":{"self":[{"href":"https:\/\/www.antegma.com\/de\/wp-json\/wp\/v2\/pages\/4879","targetHints":{"allow":["GET"]}}],"collection":[{"href":"https:\/\/www.antegma.com\/de\/wp-json\/wp\/v2\/pages"}],"about":[{"href":"https:\/\/www.antegma.com\/de\/wp-json\/wp\/v2\/types\/page"}],"author":[{"embeddable":true,"href":"https:\/\/www.antegma.com\/de\/wp-json\/wp\/v2\/users\/4"}],"replies":[{"embeddable":true,"href":"https:\/\/www.antegma.com\/de\/wp-json\/wp\/v2\/comments?post=4879"}],"version-history":[{"count":0,"href":"https:\/\/www.antegma.com\/de\/wp-json\/wp\/v2\/pages\/4879\/revisions"}],"up":[{"embeddable":true,"href":"https:\/\/www.antegma.com\/de\/wp-json\/wp\/v2\/pages\/4954"}],"wp:attachment":[{"href":"https:\/\/www.antegma.com\/de\/wp-json\/wp\/v2\/media?parent=4879"}],"curies":[{"name":"wp","href":"https:\/\/api.w.org\/{rel}","templated":true}]}}